{"id":600,"date":"2020-09-09T09:56:54","date_gmt":"2020-09-09T09:56:54","guid":{"rendered":"https:\/\/www.zelesteel.com\/?page_id=600"},"modified":"2023-06-12T11:01:52","modified_gmt":"2023-06-12T11:01:52","slug":"products","status":"publish","type":"page","link":"https:\/\/www.zelesteel.com\/tr\/products\/","title":{"rendered":"\u00dcr\u00fcnler"},"content":{"rendered":"<div class=\"wp-block-uagb-container uagb-block-e06ed43b alignfull uagb-is-root-container\"><div class=\"uagb-container-inner-blocks-wrap\">\n<div class=\"wp-block-uagb-container uagb-block-8834c453\">\n<div class=\"wp-block-uagb-advanced-heading uagb-block-0ce12952\"><h1 class=\"uagb-heading-text\"><br><br>\u00dcR\u00dcNLER<br><br><br><\/h1><\/div>\n<\/div>\n<\/div><\/div>\n\n\n\n<div class=\"wp-block-uagb-container uagb-block-16101ea8 alignfull uagb-is-root-container\"><div class=\"uagb-container-inner-blocks-wrap\">\n<div class=\"wp-block-uagb-container uagb-block-132d395b\">\n<h2 class=\"wp-block-heading\">ZELE \u00c7EL\u0130K<\/h2>\n\n\n\n<div class=\"wp-block-uagb-advanced-heading uagb-block-e07103a4\"><h3 class=\"uagb-heading-text\">Tamam\u0131 EUR1 sertifikal\u0131 t\u00fcm sac \u00fcr\u00fcnler i\u00e7in hizmet vermekteyiz.<\/h3><p class=\"uagb-desc-text\">Zele Steel olarak h\u0131zl\u0131, g\u00fcvenilir ve s\u00fcrd\u00fcr\u00fclebilir hizmet vermeye b\u00fcy\u00fck \u00f6nem veriyoruz.<\/p><\/div>\n<\/div>\n\n\n\n<div class=\"wp-block-uagb-container uagb-block-4a1a0baf\">\n<div class=\"wp-block-uagb-faq uagb-faq__outer-wrap uagb-block-045ee8b8 uagb-faq-icon-row-reverse uagb-faq-layout-accordion uagb-faq-expand-first-false uagb-faq-inactive-other-true uagb-faq__wrap uagb-buttons-layout-wrap uagb-faq-equal-height\" data-faqtoggle=\"true\" role=\"tablist\">\n<div class=\"wp-block-uagb-faq-child uagb-faq-child__outer-wrap uagb-faq-item uagb-block-ef73d79b\" role=\"tab\" tabindex=\"0\"><div class=\"uagb-faq-questions-button uagb-faq-questions\"><span class=\"uagb-icon uagb-faq-icon-wrap\"><svg xmlns=\"https:\/\/www.w3.org\/2000\/svg\" viewbox=\"0 0 256 512\"><path d=\"M118.6 105.4l128 127.1C252.9 239.6 256 247.8 256 255.1s-3.125 16.38-9.375 22.63l-128 127.1c-9.156 9.156-22.91 11.9-34.88 6.943S64 396.9 64 383.1V128c0-12.94 7.781-24.62 19.75-29.58S109.5 96.23 118.6 105.4z\"><\/path><\/svg><\/span><span class=\"uagb-icon-active uagb-faq-icon-wrap\"><svg xmlns=\"https:\/\/www.w3.org\/2000\/svg\" viewbox=\"0 0 320 512\"><path d=\"M9.39 265.4l127.1-128C143.6 131.1 151.8 128 160 128s16.38 3.125 22.63 9.375l127.1 128c9.156 9.156 11.9 22.91 6.943 34.88S300.9 320 287.1 320H32.01c-12.94 0-24.62-7.781-29.58-19.75S.2333 274.5 9.39 265.4z\"><\/path><\/svg><\/span><span class=\"uagb-question\"><strong>Galvanizli Rulolar<\/strong><\/span><\/div><p class=\"uagb-faq-content\">Galvanizleme, korozyon ve a\u015f\u0131nmay\u0131 \u00f6nlemek i\u00e7in \u00e7eli\u011fi veya demiri koruyucu bir tabaka ile kaplar.<\/p><\/div>\n\n\n\n<div class=\"wp-block-uagb-faq-child uagb-faq-child__outer-wrap uagb-faq-item uagb-block-8452d449\" role=\"tab\" tabindex=\"0\"><div class=\"uagb-faq-questions-button uagb-faq-questions\"><span class=\"uagb-icon uagb-faq-icon-wrap\"><svg xmlns=\"https:\/\/www.w3.org\/2000\/svg\" viewbox=\"0 0 256 512\"><path d=\"M118.6 105.4l128 127.1C252.9 239.6 256 247.8 256 255.1s-3.125 16.38-9.375 22.63l-128 127.1c-9.156 9.156-22.91 11.9-34.88 6.943S64 396.9 64 383.1V128c0-12.94 7.781-24.62 19.75-29.58S109.5 96.23 118.6 105.4z\"><\/path><\/svg><\/span><span class=\"uagb-icon-active uagb-faq-icon-wrap\"><svg xmlns=\"https:\/\/www.w3.org\/2000\/svg\" viewbox=\"0 0 320 512\"><path d=\"M9.39 265.4l127.1-128C143.6 131.1 151.8 128 160 128s16.38 3.125 22.63 9.375l127.1 128c9.156 9.156 11.9 22.91 6.943 34.88S300.9 320 287.1 320H32.01c-12.94 0-24.62-7.781-29.58-19.75S.2333 274.5 9.39 265.4z\"><\/path><\/svg><\/span><span class=\"uagb-question\"><strong><strong><strong><strong>Al\u00fcminyum Levhalar<\/strong><\/strong><\/strong><\/strong><\/span><\/div><p class=\"uagb-faq-content\">Her iki taraf\u0131 da \u0131s\u0131ya dayan\u0131kl\u0131 al\u00fcminyum-silikon ala\u015f\u0131m\u0131 ile kaplanm\u0131\u015ft\u0131r.<\/p><\/div>\n\n\n\n<div class=\"wp-block-uagb-faq-child uagb-faq-child__outer-wrap uagb-faq-item uagb-block-1da47dd0\" role=\"tab\" tabindex=\"0\"><div class=\"uagb-faq-questions-button uagb-faq-questions\"><span class=\"uagb-icon uagb-faq-icon-wrap\"><svg xmlns=\"https:\/\/www.w3.org\/2000\/svg\" viewbox=\"0 0 256 512\"><path d=\"M118.6 105.4l128 127.1C252.9 239.6 256 247.8 256 255.1s-3.125 16.38-9.375 22.63l-128 127.1c-9.156 9.156-22.91 11.9-34.88 6.943S64 396.9 64 383.1V128c0-12.94 7.781-24.62 19.75-29.58S109.5 96.23 118.6 105.4z\"><\/path><\/svg><\/span><span class=\"uagb-icon-active uagb-faq-icon-wrap\"><svg xmlns=\"https:\/\/www.w3.org\/2000\/svg\" viewbox=\"0 0 320 512\"><path d=\"M9.39 265.4l127.1-128C143.6 131.1 151.8 128 160 128s16.38 3.125 22.63 9.375l127.1 128c9.156 9.156 11.9 22.91 6.943 34.88S300.9 320 287.1 320H32.01c-12.94 0-24.62-7.781-29.58-19.75S.2333 274.5 9.39 265.4z\"><\/path><\/svg><\/span><span class=\"uagb-question\"><strong>Paslanmaz \u00c7elik Rulolar<\/strong><\/span><\/div><p class=\"uagb-faq-content\">Paslanmaz \u00e7elikler \u00f6ncelikle artan krom i\u00e7eri\u011fi ve artan korozyon direnci ile karakterize edilir.<\/p><\/div>\n\n\n\n<div class=\"wp-block-uagb-faq-child uagb-faq-child__outer-wrap uagb-faq-item uagb-block-b9d50773\" role=\"tab\" tabindex=\"0\"><div class=\"uagb-faq-questions-button uagb-faq-questions\"><span class=\"uagb-icon uagb-faq-icon-wrap\"><svg xmlns=\"https:\/\/www.w3.org\/2000\/svg\" viewbox=\"0 0 256 512\"><path d=\"M118.6 105.4l128 127.1C252.9 239.6 256 247.8 256 255.1s-3.125 16.38-9.375 22.63l-128 127.1c-9.156 9.156-22.91 11.9-34.88 6.943S64 396.9 64 383.1V128c0-12.94 7.781-24.62 19.75-29.58S109.5 96.23 118.6 105.4z\"><\/path><\/svg><\/span><span class=\"uagb-icon-active uagb-faq-icon-wrap\"><svg xmlns=\"https:\/\/www.w3.org\/2000\/svg\" viewbox=\"0 0 320 512\"><path d=\"M9.39 265.4l127.1-128C143.6 131.1 151.8 128 160 128s16.38 3.125 22.63 9.375l127.1 128c9.156 9.156 11.9 22.91 6.943 34.88S300.9 320 287.1 320H32.01c-12.94 0-24.62-7.781-29.58-19.75S.2333 274.5 9.39 265.4z\"><\/path><\/svg><\/span><span class=\"uagb-question\"><strong>Boyal\u0131 Rulolar<\/strong><\/span><\/div><p class=\"uagb-faq-content\">Pregalvanizli demir veya \u00e7elik saclar\u0131n boyanmas\u0131yla renkli saclar elde edilir. Boyal\u0131 \u00e7elik veya renkli sac olarak da bilinir.<\/p><\/div>\n<\/div>\n<\/div>\n<\/div><\/div>\n\n\n\n<div class=\"wp-block-uagb-container uagb-block-ad71654a alignfull uagb-is-root-container\"><div class=\"uagb-container-inner-blocks-wrap\">\n<div class=\"wp-block-uagb-container uagb-block-de30fa70\">\n<div class=\"wp-block-uagb-image uagb-block-14ae125c wp-block-uagb-image--layout-default wp-block-uagb-image--effect-zoomin wp-block-uagb-image--align-none\"><figure class=\"wp-block-uagb-image__figure\"><img decoding=\"async\" srcset=\"https:\/\/www.zelesteel.com\/wp-content\/uploads\/2023\/05\/large-coils-with-aluminum-foil-produced-aluminum-industry-factory-1024x683.jpg \" sizes=\"auto, (max-width: 480px) 150px\" src=\"https:\/\/www.zelesteel.com\/wp-content\/uploads\/2023\/05\/large-coils-with-aluminum-foil-produced-aluminum-industry-factory-1024x683.jpg\" alt=\"\" class=\"uag-image-755\" width=\"1024\" height=\"683\" title=\"\" loading=\"lazy\"\/><\/figure><\/div>\n<\/div>\n\n\n\n<div class=\"wp-block-uagb-container uagb-block-0f7a47bc\">\n<div class=\"wp-block-uagb-advanced-heading uagb-block-7b4744ab\"><h3 class=\"uagb-heading-text\"><strong><strong>Galvanizli Rulolar<\/strong><\/strong><\/h3><p class=\"uagb-desc-text\">P\u00fcr\u00fczs\u00fcz bir y\u00fczeye sahiptir ve her bir \u00e7inko par\u00e7ac\u0131\u011f\u0131 ikincil \u00e7eli\u011fe elektriklendirme ile ayr\u0131 ayr\u0131 ba\u011fland\u0131\u011f\u0131 i\u00e7in toz kaplama ve derin \u00e7ekme uygulamas\u0131 i\u00e7in \u00e7ok uygundur.<\/p><\/div>\n\n\n\n<div class=\"wp-block-uagb-advanced-heading uagb-block-1e90d0c6\"><h3 class=\"uagb-heading-text\"><strong><strong><strong>Elektro Galvanizli Rulo<\/strong><\/strong><\/strong><\/h3><p class=\"uagb-desc-text\">P\u00fcr\u00fczs\u00fcz bir y\u00fczeye sahiptir ve her bir \u00e7inko par\u00e7ac\u0131\u011f\u0131 ikincil \u00e7eli\u011fe elektriklendirme ile ayr\u0131 ayr\u0131 ba\u011fland\u0131\u011f\u0131 i\u00e7in toz kaplama ve derin \u00e7ekme uygulamas\u0131 i\u00e7in \u00e7ok uygundur.<\/p><\/div>\n\n\n\n<div class=\"wp-block-uagb-advanced-heading uagb-block-f7a84579\"><h3 class=\"uagb-heading-text\"><strong><strong><strong><strong>S\u0131cak sar\u0131lm\u0131\u015f bobin<\/strong><\/strong><\/strong><\/strong><\/h3><p class=\"uagb-desc-text\">S\u0131cak haddelenmi\u015f \u00e7elik genellikle \u00e7ok ince ayar gerektirmeyen biraz daha kaba i\u015fler i\u00e7in kullan\u0131l\u0131r. \u00d6rne\u011fin demiryolu hatlar\u0131, in\u015faat projeleri gibi alanlarda kullan\u0131lmaktad\u0131r.<\/p><\/div>\n\n\n\n<div class=\"wp-block-uagb-advanced-heading uagb-block-80c9e57f\"><h3 class=\"uagb-heading-text\"><strong><strong><strong><strong><strong>So\u011fuk Haddelenmi\u015f Rulo<\/strong><\/strong><\/strong><\/strong><\/strong><\/h3><p class=\"uagb-desc-text\">M\u00fckemmel y\u00fczey kalitesi gerektiren uygulamalarda so\u011fuk haddelenmi\u015f \u00e7elik kullan\u0131l\u0131r. \u00d6rne\u011fin otomotiv ve beyaz e\u015fya panelleri.<br><\/p><\/div>\n\n\n\n<div class=\"wp-block-uagb-icon-list uagb-block-7417ff47\"><div class=\"uagb-icon-list__wrap\">\n<div class=\"wp-block-uagb-icon-list-child uagb-block-eeba44a7\"><span class=\"uagb-icon-list__source-wrap\"><svg xmlns=\"https:\/\/www.w3.org\/2000\/svg\" viewbox=\"0 0 512 512\"><path d=\"M0 256C0 114.6 114.6 0 256 0C397.4 0 512 114.6 512 256C512 397.4 397.4 512 256 512C114.6 512 0 397.4 0 256zM256 352C309 352 352 309 352 256C352 202.1 309 160 256 160C202.1 160 160 202.1 160 256C160 309 202.1 352 256 352z\"><\/path><\/svg><\/span><span class=\"uagb-icon-list__label\">Kal\u0131nl\u0131k: : 0,30 \u2013 3 mm<\/span><\/div>\n\n\n\n<div class=\"wp-block-uagb-icon-list-child uagb-block-1872f66e\"><span class=\"uagb-icon-list__source-wrap\"><svg xmlns=\"https:\/\/www.w3.org\/2000\/svg\" viewbox=\"0 0 512 512\"><path d=\"M0 256C0 114.6 114.6 0 256 0C397.4 0 512 114.6 512 256C512 397.4 397.4 512 256 512C114.6 512 0 397.4 0 256zM256 352C309 352 352 309 352 256C352 202.1 309 160 256 160C202.1 160 160 202.1 160 256C160 309 202.1 352 256 352z\"><\/path><\/svg><\/span><span class=\"uagb-icon-list__label\">Geni\u015flik: 900 \u2013 1999 mm<\/span><\/div>\n\n\n\n<div class=\"wp-block-uagb-icon-list-child uagb-block-b8258051\"><span class=\"uagb-icon-list__source-wrap\"><svg xmlns=\"https:\/\/www.w3.org\/2000\/svg\" viewbox=\"0 0 512 512\"><path d=\"M0 256C0 114.6 114.6 0 256 0C397.4 0 512 114.6 512 256C512 397.4 397.4 512 256 512C114.6 512 0 397.4 0 256zM256 352C309 352 352 309 352 256C352 202.1 309 160 256 160C202.1 160 160 202.1 160 256C160 309 202.1 352 256 352z\"><\/path><\/svg><\/span><span class=\"uagb-icon-list__label\">\u00c7elik s\u0131n\u0131f\u0131: DX51-56, S220-550GD DC01-06, HC340-420LA, HCT450X-980X, DP450-980, DD11ULC, S185-355, E295-360, HSS460-600<\/span><\/div>\n<\/div><\/div>\n<\/div>\n<\/div><\/div>\n\n\n\n<div class=\"wp-block-uagb-container uagb-block-8274ccb0 alignfull uagb-is-root-container\"><div class=\"uagb-container-inner-blocks-wrap\">\n<div class=\"wp-block-uagb-container uagb-block-cbc8f3cf\">\n<div class=\"wp-block-uagb-advanced-heading uagb-block-ab20ca22\"><h3 class=\"uagb-heading-text\"><strong><strong><strong>Al\u00fcminyum Levhalar<\/strong><\/strong><\/strong><\/h3><p class=\"uagb-desc-text\">Her iki taraf\u0131 da \u0131s\u0131ya dayan\u0131kl\u0131 al\u00fcminyum-silikon ala\u015f\u0131m\u0131 ile kaplanm\u0131\u015ft\u0131r.<br>Bu tip panel \u0131s\u0131y\u0131 di\u011fer panellere g\u00f6re daha iyi iletti\u011fi i\u00e7in \u0131s\u0131tma alan\u0131nda tercih edilmektedir.<br>En yayg\u0131n kullan\u0131m alanlar\u0131 yakma f\u0131r\u0131nlar\u0131, f\u0131r\u0131nlar, \u0131s\u0131t\u0131c\u0131lar, ocaklar ve \u0131zgaralar, kurutucular, motor par\u00e7alar\u0131 vb.dir.<br><br><br><br><\/p><\/div>\n\n\n\n<div class=\"wp-block-uagb-icon-list uagb-block-38870a89\"><div class=\"uagb-icon-list__wrap\">\n<div class=\"wp-block-uagb-icon-list-child uagb-block-509c40c3\"><span class=\"uagb-icon-list__source-wrap\"><svg xmlns=\"https:\/\/www.w3.org\/2000\/svg\" viewbox=\"0 0 512 512\"><path d=\"M0 256C0 114.6 114.6 0 256 0C397.4 0 512 114.6 512 256C512 397.4 397.4 512 256 512C114.6 512 0 397.4 0 256zM256 352C309 352 352 309 352 256C352 202.1 309 160 256 160C202.1 160 160 202.1 160 256C160 309 202.1 352 256 352z\"><\/path><\/svg><\/span><span class=\"uagb-icon-list__label\">Thickness: 0,30 &#8211; 3 mm<br>Coating: 0,5 \u2013 40 \u03bcm<\/span><\/div>\n\n\n\n<div class=\"wp-block-uagb-icon-list-child uagb-block-374fff81\"><span class=\"uagb-icon-list__source-wrap\"><svg xmlns=\"https:\/\/www.w3.org\/2000\/svg\" viewbox=\"0 0 512 512\"><path d=\"M0 256C0 114.6 114.6 0 256 0C397.4 0 512 114.6 512 256C512 397.4 397.4 512 256 512C114.6 512 0 397.4 0 256zM256 352C309 352 352 309 352 256C352 202.1 309 160 256 160C202.1 160 160 202.1 160 256C160 309 202.1 352 256 352z\"><\/path><\/svg><\/span><span class=\"uagb-icon-list__label\">Width: 900 \u2013 1899 mm<br>Weight: 1 &#8211; 30 t<\/span><\/div>\n\n\n\n<div class=\"wp-block-uagb-icon-list-child uagb-block-6815dbff\"><span class=\"uagb-icon-list__source-wrap\"><svg xmlns=\"https:\/\/www.w3.org\/2000\/svg\" viewbox=\"0 0 512 512\"><path d=\"M0 256C0 114.6 114.6 0 256 0C397.4 0 512 114.6 512 256C512 397.4 397.4 512 256 512C114.6 512 0 397.4 0 256zM256 352C309 352 352 309 352 256C352 202.1 309 160 256 160C202.1 160 160 202.1 160 256C160 309 202.1 352 256 352z\"><\/path><\/svg><\/span><span class=\"uagb-icon-list__label\">\u00c7elik s\u0131n\u0131f\u0131: DX51-56, S220G, S550GD, HCT450X-980X<\/span><\/div>\n<\/div><\/div>\n<\/div>\n\n\n\n<div class=\"wp-block-uagb-container uagb-block-79cea6f2\">\n<div class=\"wp-block-uagb-image uagb-block-776395ed wp-block-uagb-image--layout-default wp-block-uagb-image--effect-zoomin wp-block-uagb-image--align-none\"><figure class=\"wp-block-uagb-image__figure\"><img decoding=\"async\" srcset=\"https:\/\/www.zelesteel.com\/wp-content\/uploads\/2023\/06\/roll-rolled-steel-sheet-isolated-white-background-production-delivery-storage-metal-products-1-1024x1024.jpg \" sizes=\"auto, (max-width: 480px) 150px\" src=\"https:\/\/www.zelesteel.com\/wp-content\/uploads\/2023\/06\/roll-rolled-steel-sheet-isolated-white-background-production-delivery-storage-metal-products-1-1024x1024.jpg\" alt=\"\" class=\"uag-image-1028\" width=\"1024\" height=\"1024\" title=\"\" loading=\"lazy\"\/><\/figure><\/div>\n<\/div>\n<\/div><\/div>\n\n\n\n<div class=\"wp-block-uagb-container uagb-block-7a047db5 alignfull uagb-is-root-container\"><div class=\"uagb-container-inner-blocks-wrap\">\n<div class=\"wp-block-uagb-container uagb-block-f0a556ce\">\n<div class=\"wp-block-uagb-image uagb-block-0696f7d3 wp-block-uagb-image--layout-default wp-block-uagb-image--effect-zoomin wp-block-uagb-image--align-none\"><figure class=\"wp-block-uagb-image__figure\"><img decoding=\"async\" srcset=\"https:\/\/www.zelesteel.com\/wp-content\/uploads\/2023\/05\/3d-rendering-heap-roll-steel-sheets-factory-1024x683.jpg \" sizes=\"auto, (max-width: 480px) 150px\" src=\"https:\/\/www.zelesteel.com\/wp-content\/uploads\/2023\/05\/3d-rendering-heap-roll-steel-sheets-factory-1024x683.jpg\" alt=\"\" class=\"uag-image-750\" width=\"1024\" height=\"683\" title=\"\" loading=\"lazy\"\/><\/figure><\/div>\n<\/div>\n\n\n\n<div class=\"wp-block-uagb-container uagb-block-9fc030c3\">\n<div class=\"wp-block-uagb-advanced-heading uagb-block-9d6cd1ca\"><h3 class=\"uagb-heading-text\"><strong><strong><strong>Paslanmaz \u00c7elik Rulolar<\/strong><\/strong><\/strong><\/h3><p class=\"uagb-desc-text\">Paslanmaz \u00e7elikler \u00f6ncelikle artan krom i\u00e7eri\u011fi ve artan korozyon direnci ile karakterize edilir.<br>Molibden ve antimon ilaveleri, indirgeyici asitlerde ve klor\u00fcr \u00e7\u00f6zeltilerinin neden oldu\u011fu oyukla\u015fmaya kar\u015f\u0131 korozyon direncini artt\u0131r\u0131r.<br>Paslanmaz \u00e7eli\u011fin korozyona ve kirlenmeye kar\u015f\u0131 direnci, az bak\u0131m gerektirmesi ve parlakl\u0131\u011f\u0131, onu hem \u00e7elik mukavemetinin hem de korozyon direncinin gerekli oldu\u011fu bir\u00e7ok uygulama i\u00e7in ideal bir malzeme haline getirir.<br>Tencere, tava, \u00e7atal b\u0131\u00e7ak tak\u0131m\u0131 ve cerrahi aletlerde yayg\u0131n olarak kullan\u0131l\u0131r. Binalarda, depolama tanklar\u0131nda ve kimyasal veya g\u0131da tanklar\u0131nda. Temizleme kolayl\u0131\u011f\u0131 ve buhar sterilizasyonu nedeniyle ticari mutfaklarda ve g\u0131da i\u015fleme tesislerinde kullan\u0131m\u0131n\u0131 etkilemi\u015ftir.<br><\/p><\/div>\n\n\n\n<div class=\"wp-block-uagb-icon-list uagb-block-842bc6ad\"><div class=\"uagb-icon-list__wrap\">\n<div class=\"wp-block-uagb-icon-list-child uagb-block-159ec748\"><span class=\"uagb-icon-list__source-wrap\"><svg xmlns=\"https:\/\/www.w3.org\/2000\/svg\" viewbox=\"0 0 512 512\"><path d=\"M0 256C0 114.6 114.6 0 256 0C397.4 0 512 114.6 512 256C512 397.4 397.4 512 256 512C114.6 512 0 397.4 0 256zM256 352C309 352 352 309 352 256C352 202.1 309 160 256 160C202.1 160 160 202.1 160 256C160 309 202.1 352 256 352z\"><\/path><\/svg><\/span><span class=\"uagb-icon-list__label\">Kal\u0131nl\u0131k: 0,40 \u2013 2 mm<\/span><\/div>\n\n\n\n<div class=\"wp-block-uagb-icon-list-child uagb-block-f0e22703\"><span class=\"uagb-icon-list__source-wrap\"><svg xmlns=\"https:\/\/www.w3.org\/2000\/svg\" viewbox=\"0 0 512 512\"><path d=\"M0 256C0 114.6 114.6 0 256 0C397.4 0 512 114.6 512 256C512 397.4 397.4 512 256 512C114.6 512 0 397.4 0 256zM256 352C309 352 352 309 352 256C352 202.1 309 160 256 160C202.1 160 160 202.1 160 256C160 309 202.1 352 256 352z\"><\/path><\/svg><\/span><span class=\"uagb-icon-list__label\">Geni\u015flik: 80 \u2013 1249 mm<\/span><\/div>\n\n\n\n<div class=\"wp-block-uagb-icon-list-child uagb-block-9769475a\"><span class=\"uagb-icon-list__source-wrap\"><svg xmlns=\"https:\/\/www.w3.org\/2000\/svg\" viewbox=\"0 0 512 512\"><path d=\"M0 256C0 114.6 114.6 0 256 0C397.4 0 512 114.6 512 256C512 397.4 397.4 512 256 512C114.6 512 0 397.4 0 256zM256 352C309 352 352 309 352 256C352 202.1 309 160 256 160C202.1 160 160 202.1 160 256C160 309 202.1 352 256 352z\"><\/path><\/svg><\/span><span class=\"uagb-icon-list__label\">\u00c7elik s\u0131n\u0131f\u0131: DX56, S220-390GD, AISI304-420<\/span><\/div>\n<\/div><\/div>\n<\/div>\n<\/div><\/div>\n\n\n\n<div class=\"wp-block-uagb-container uagb-block-556b9a32 alignfull uagb-is-root-container\"><div class=\"uagb-container-inner-blocks-wrap\">\n<div class=\"wp-block-uagb-container uagb-block-beca459d\">\n<div class=\"wp-block-uagb-advanced-heading uagb-block-924fac2a\"><h3 class=\"uagb-heading-text\"><strong><strong><strong>Boyal\u0131 Rulolar<\/strong><\/strong><\/strong><\/h3><p class=\"uagb-desc-text\">Pregalvanizli demir veya \u00e7elik saclar\u0131n boyanmas\u0131yla renkli saclar elde edilir. Boyal\u0131 \u00e7elik veya renkli sac olarak da bilinir.<br>A\u011f\u0131rl\u0131kl\u0131 olarak in\u015faat sekt\u00f6r\u00fcnde kullan\u0131lmaktad\u0131r.<br>(\u00c7at\u0131 ve duvarlar, sandvi\u00e7 paneller, oluklu demir, ev aletleri, kaplamalar vb.)<br><br><\/p><\/div>\n\n\n\n<div class=\"wp-block-uagb-icon-list uagb-block-dd81d038\"><div class=\"uagb-icon-list__wrap\">\n<div class=\"wp-block-uagb-icon-list-child uagb-block-6c43db1c\"><span class=\"uagb-icon-list__source-wrap\"><svg xmlns=\"https:\/\/www.w3.org\/2000\/svg\" viewbox=\"0 0 512 512\"><path d=\"M0 256C0 114.6 114.6 0 256 0C397.4 0 512 114.6 512 256C512 397.4 397.4 512 256 512C114.6 512 0 397.4 0 256zM256 352C309 352 352 309 352 256C352 202.1 309 160 256 160C202.1 160 160 202.1 160 256C160 309 202.1 352 256 352z\"><\/path><\/svg><\/span><span class=\"uagb-icon-list__label\">Kal\u0131nl\u0131k: 0,20 \u2013 2 mm Kaplama: 0,5 \u2013 40 \u03bcm<\/span><\/div>\n\n\n\n<div class=\"wp-block-uagb-icon-list-child uagb-block-aa185c65\"><span class=\"uagb-icon-list__source-wrap\"><svg xmlns=\"https:\/\/www.w3.org\/2000\/svg\" viewbox=\"0 0 512 512\"><path d=\"M0 256C0 114.6 114.6 0 256 0C397.4 0 512 114.6 512 256C512 397.4 397.4 512 256 512C114.6 512 0 397.4 0 256zM256 352C309 352 352 309 352 256C352 202.1 309 160 256 160C202.1 160 160 202.1 160 256C160 309 202.1 352 256 352z\"><\/path><\/svg><\/span><span class=\"uagb-icon-list__label\">Geni\u015flik: 900 \u2013 1799 mm<\/span><\/div>\n\n\n\n<div class=\"wp-block-uagb-icon-list-child uagb-block-47383697\"><span class=\"uagb-icon-list__source-wrap\"><svg xmlns=\"https:\/\/www.w3.org\/2000\/svg\" viewbox=\"0 0 512 512\"><path d=\"M0 256C0 114.6 114.6 0 256 0C397.4 0 512 114.6 512 256C512 397.4 397.4 512 256 512C114.6 512 0 397.4 0 256zM256 352C309 352 352 309 352 256C352 202.1 309 160 256 160C202.1 160 160 202.1 160 256C160 309 202.1 352 256 352z\"><\/path><\/svg><\/span><span class=\"uagb-icon-list__label\">\u00c7elik s\u0131n\u0131f\u0131:DX51-53, S220-550 GD<\/span><\/div>\n<\/div><\/div>\n<\/div>\n\n\n\n<div class=\"wp-block-uagb-container uagb-block-11f11cfb\">\n<div class=\"wp-block-uagb-image uagb-block-4c166634 wp-block-uagb-image--layout-default wp-block-uagb-image--effect-zoomin wp-block-uagb-image--align-none\"><figure class=\"wp-block-uagb-image__figure\"><img decoding=\"async\" srcset=\"https:\/\/www.zelesteel.com\/wp-content\/uploads\/2023\/06\/R.png \" sizes=\"auto, (max-width: 480px) 150px\" src=\"https:\/\/www.zelesteel.com\/wp-content\/uploads\/2023\/06\/R.png\" alt=\"\" class=\"uag-image-1027\" width=\"600\" height=\"600\" title=\"\" loading=\"lazy\"\/><\/figure><\/div>\n<\/div>\n<\/div><\/div>\n\n\n\n<div class=\"wp-block-uagb-container uagb-block-ddb2c33f alignfull uagb-is-root-container\"><div class=\"uagb-container-inner-blocks-wrap\">\n<div class=\"wp-block-uagb-container uagb-block-a67e074d\">\n<div class=\"wp-block-uagb-info-box uagb-block-571668bf uagb-infobox__content-wrap  uagb-infobox-icon-above-title uagb-infobox-image-valign-top\"><div class=\"uagb-ifb-content\"><div class=\"uagb-ifb-title-wrap\"><h2 class=\"uagb-ifb-title\">S\u00fcrd\u00fcr\u00fclebilirlik hedefi do\u011frultusunda<\/h2><\/div><p class=\"uagb-ifb-desc\">Amac\u0131m\u0131z, birlikte ba\u015farmak istedi\u011fimiz i\u015f ortaklar\u0131m\u0131zla duygu ve d\u00fc\u015f\u00fcncelere \u00f6nem vererek profesyonelli\u011fi te\u015fvik ederken, g\u00fcvene dayal\u0131 ve dinamik bir i\u015f ili\u015fkisi kurmakt\u0131r.<\/p><div class=\"uagb-ifb-button-wrapper wp-block-button\"><a href=\"https:\/\/www.zelesteel.com\/tr\/contact\/\" class=\"uagb-infobox-cta-link wp-block-button__link\" target=\"_self\" rel=\"noopener noreferrer\" onclick=\"return true;\" alt=\"\"><span class=\"uagb-inline-editing\">Bize Ula\u015f\u0131n<\/span><\/a><\/div><\/div><\/div>\n<\/div>\n<\/div><\/div>","protected":false},"excerpt":{"rendered":"","protected":false},"author":1,"featured_media":0,"parent":0,"menu_order":0,"comment_status":"closed","ping_status":"closed","template":"","meta":{"_uag_custom_page_level_css":"","_monsterinsights_skip_tracking":false,"_monsterinsights_sitenote_active":false,"_monsterinsights_sitenote_note":"","_monsterinsights_sitenote_category":0,"site-sidebar-layout":"no-sidebar","site-content-layout":"page-builder","ast-global-header-display":"","ast-banner-title-visibility":"","ast-main-header-display":"","ast-hfb-above-header-display":"","ast-hfb-below-header-display":"","ast-hfb-mobile-header-display":"","site-post-title":"disabled","ast-breadcrumbs-content":"","ast-featured-img":"","footer-sml-layout":"","theme-transparent-header-meta":"enabled","adv-header-id-meta":"","stick-header-meta":"","header-above-stick-meta":"","header-main-stick-meta":"","header-below-stick-meta":"","footnotes":""},"class_list":["post-600","page","type-page","status-publish","hentry"],"uagb_featured_image_src":{"full":false,"thumbnail":false,"medium":false,"medium_large":false,"large":false,"1536x1536":false,"2048x2048":false,"trp-custom-language-flag":false},"uagb_author_info":{"display_name":"masterzele","author_link":"https:\/\/www.zelesteel.com\/tr\/author\/masterzele\/"},"uagb_comment_info":0,"uagb_excerpt":null,"_links":{"self":[{"href":"https:\/\/www.zelesteel.com\/tr\/wp-json\/wp\/v2\/pages\/600","targetHints":{"allow":["GET"]}}],"collection":[{"href":"https:\/\/www.zelesteel.com\/tr\/wp-json\/wp\/v2\/pages"}],"about":[{"href":"https:\/\/www.zelesteel.com\/tr\/wp-json\/wp\/v2\/types\/page"}],"author":[{"embeddable":true,"href":"https:\/\/www.zelesteel.com\/tr\/wp-json\/wp\/v2\/users\/1"}],"replies":[{"embeddable":true,"href":"https:\/\/www.zelesteel.com\/tr\/wp-json\/wp\/v2\/comments?post=600"}],"version-history":[{"count":53,"href":"https:\/\/www.zelesteel.com\/tr\/wp-json\/wp\/v2\/pages\/600\/revisions"}],"predecessor-version":[{"id":1046,"href":"https:\/\/www.zelesteel.com\/tr\/wp-json\/wp\/v2\/pages\/600\/revisions\/1046"}],"wp:attachment":[{"href":"https:\/\/www.zelesteel.com\/tr\/wp-json\/wp\/v2\/media?parent=600"}],"curies":[{"name":"wp","href":"https:\/\/api.w.org\/{rel}","templated":true}]}}