{"id":599,"date":"2020-09-09T09:57:04","date_gmt":"2020-09-09T09:57:04","guid":{"rendered":"https:\/\/www.zelesteel.com\/?page_id=599"},"modified":"2023-06-05T11:38:23","modified_gmt":"2023-06-05T11:38:23","slug":"about-us","status":"publish","type":"page","link":"https:\/\/www.zelesteel.com\/tr\/about-us\/","title":{"rendered":"Hakk\u0131m\u0131zda"},"content":{"rendered":"<div class=\"wp-block-uagb-container uagb-block-1ad382ea alignfull uagb-is-root-container\"><div class=\"uagb-container-inner-blocks-wrap\">\n<div class=\"wp-block-uagb-container uagb-block-6cc6b117\">\n<div class=\"wp-block-uagb-advanced-heading uagb-block-4f794d9b\"><h1 class=\"uagb-heading-text\">Hakk\u0131m\u0131zda<br><br><\/h1><\/div>\n<\/div>\n<\/div><\/div>\n\n\n\n<div class=\"wp-block-uagb-container uagb-block-baf28e77 alignfull uagb-is-root-container\"><div class=\"uagb-container-inner-blocks-wrap\">\n<div class=\"wp-block-uagb-container uagb-block-0427d973 alignfull uagb-is-root-container\"><div class=\"uagb-container-inner-blocks-wrap\">\n<div class=\"wp-block-uagb-container uagb-block-b6eaf9d2 alignfull uagb-is-root-container\"><div class=\"uagb-container-inner-blocks-wrap\">\n<div class=\"wp-block-uagb-image uagb-block-ada687c1 wp-block-uagb-image--layout-default wp-block-uagb-image--effect-zoomin wp-block-uagb-image--align-none\"><figure class=\"wp-block-uagb-image__figure\"><img decoding=\"async\" srcset=\"https:\/\/www.zelesteel.com\/wp-content\/uploads\/2023\/05\/1-1024x576.jpg \" sizes=\"auto, (max-width: 480px) 150px\" src=\"https:\/\/www.zelesteel.com\/wp-content\/uploads\/2023\/05\/1-1024x576.jpg\" alt=\"\" class=\"uag-image-773\" width=\"1017\" height=\"572\" title=\"\" loading=\"lazy\"\/><\/figure><\/div>\n<\/div><\/div>\n\n\n\n<div class=\"wp-block-uagb-container uagb-block-d1fdb529 alignfull uagb-is-root-container\"><div class=\"uagb-container-inner-blocks-wrap\">\n<div class=\"wp-block-uagb-advanced-heading uagb-block-d3188979\"><h3 class=\"uagb-heading-text\">Hakk\u0131m\u0131zda<\/h3><p class=\"uagb-desc-text\">Zele Steel olarak, d\u00fcnyan\u0131n \u00f6nde gelen \u00e7elik \u00fcreticileri ile do\u011frudan \u00e7al\u0131\u015fman\u0131n g\u00fcven ve gururu ile m\u00fc\u015fterilerimize kaliteli \u00fcr\u00fcnleri ve yarat\u0131c\u0131 \u00e7\u00f6z\u00fcmleri, profesyonel hizmet ve uygun fiyatlarla sunuyoruz.<br>\u015eirketimiz Zele Steel Trading NV, uluslararas\u0131 yass\u0131 \u00e7elik ticaretinde birka\u00e7 y\u0131ld\u0131r \u00e7e\u015fitli sac \u00fcr\u00fcnleri tedarik\u00e7isi ve ihracat\u00e7\u0131s\u0131 olarak faaliyet g\u00f6stermektedir.<\/p><\/div>\n<\/div><\/div>\n<\/div><\/div>\n\n\n\n<div class=\"wp-block-uagb-container uagb-block-e2832509 alignfull uagb-is-root-container\"><div class=\"uagb-container-inner-blocks-wrap\">\n<div class=\"wp-block-uagb-container uagb-block-c8e8038b alignfull uagb-is-root-container\"><div class=\"uagb-container-inner-blocks-wrap\">\n<div class=\"wp-block-uagb-advanced-heading uagb-block-afa7fe4f\"><h3 class=\"uagb-heading-text\"><strong>G\u00f6revimiz<\/strong><\/h3><p class=\"uagb-desc-text\">Misyonumuz m\u00fc\u015fterilerimizin istedi\u011fi \u00fcr\u00fcnleri en uygun zamanda ve do\u011fru \u015fekilde teslim etmektir. Ayr\u0131ca i\u015f s\u00fcre\u00e7lerinde memnuniyet ve m\u00fc\u015fterilerimizin ve tedarik\u00e7ilerimizin g\u00fcvenini kazanmak da bizim i\u00e7in \u00f6nemlidir.<br>Hem operasyonel hem de finansal olarak s\u00fcrekli geli\u015fim ve b\u00fcy\u00fcme i\u00e7in \u00e7abalayarak ticari riskleri s\u0131f\u0131ra indirmeye odaklan\u0131yoruz.<\/p><\/div>\n<\/div><\/div>\n\n\n\n<div class=\"wp-block-uagb-container uagb-block-6fcdab04 alignfull uagb-is-root-container\"><div class=\"uagb-container-inner-blocks-wrap\">\n<div class=\"wp-block-uagb-image uagb-block-3c8ab08b wp-block-uagb-image--layout-default wp-block-uagb-image--effect-zoomin wp-block-uagb-image--align-none\"><figure class=\"wp-block-uagb-image__figure\"><img decoding=\"async\" srcset=\"https:\/\/www.zelesteel.com\/wp-content\/uploads\/2023\/05\/4-1024x576.png \" sizes=\"auto, (max-width: 480px) 150px\" src=\"https:\/\/www.zelesteel.com\/wp-content\/uploads\/2023\/05\/4-1024x576.png\" alt=\"\" class=\"uag-image-815\" width=\"1024\" height=\"576\" title=\"\" loading=\"lazy\"\/><\/figure><\/div>\n<\/div><\/div>\n<\/div><\/div>\n\n\n\n<div class=\"wp-block-uagb-container uagb-block-14c46348 alignfull uagb-is-root-container\"><div class=\"uagb-container-inner-blocks-wrap\">\n<div class=\"wp-block-uagb-container uagb-block-2258fa40 alignfull uagb-is-root-container\"><div class=\"uagb-container-inner-blocks-wrap\">\n<div class=\"wp-block-uagb-image uagb-block-0572d492 wp-block-uagb-image--layout-default wp-block-uagb-image--effect-zoomin wp-block-uagb-image--align-none\"><figure class=\"wp-block-uagb-image__figure\"><img decoding=\"async\" srcset=\"https:\/\/www.zelesteel.com\/wp-content\/uploads\/2023\/05\/5-1024x576.png \" sizes=\"auto, (max-width: 480px) 150px\" src=\"https:\/\/www.zelesteel.com\/wp-content\/uploads\/2023\/05\/5-1024x576.png\" alt=\"\" class=\"uag-image-816\" width=\"1024\" height=\"576\" title=\"\" loading=\"lazy\"\/><\/figure><\/div>\n<\/div><\/div>\n\n\n\n<div class=\"wp-block-uagb-container uagb-block-60382089 alignfull uagb-is-root-container\"><div class=\"uagb-container-inner-blocks-wrap\">\n<div class=\"wp-block-uagb-advanced-heading uagb-block-99a64e34\"><h3 class=\"uagb-heading-text\"><strong>Vizyonumuz<\/strong><\/h3><p class=\"uagb-desc-text\">Firma olarak; Vizyonumuz sekt\u00f6rde \u00f6nc\u00fc olmak ve sekt\u00f6re yeni ba\u015flayanlar i\u00e7in rol model olmakt\u0131r.<br>Ne yapt\u0131\u011f\u0131m\u0131z kadar nas\u0131l yapt\u0131\u011f\u0131m\u0131z\u0131n da \u00f6nemini biliyor, de\u011ferlerimiz ve amac\u0131m\u0131z do\u011frultusunda ilerliyoruz. Hedeflerimize ula\u015f\u0131rken \u00f6d\u00fcn vermedi\u011fimiz ilkelerimiz \u015funlard\u0131r: \u015eeffafl\u0131k, s\u00fcreklilik ve g\u00fcvendir.<\/p><\/div>\n<\/div><\/div>\n<\/div><\/div>\n<\/div><\/div>\n\n\n\n<div class=\"wp-block-uagb-container uagb-block-c0863cd1 alignfull uagb-is-root-container\"><div class=\"uagb-container-inner-blocks-wrap\">\n<div class=\"wp-block-uagb-container uagb-block-6ae20733 alignfull uagb-is-root-container\"><div class=\"uagb-container-inner-blocks-wrap\">\n<div class=\"wp-block-uagb-container uagb-block-f8430561\">\n<div class=\"wp-block-uagb-advanced-heading uagb-block-06dda90e\"><h2 class=\"uagb-heading-text\">Zele \u00c7elik Hakk\u0131nda<\/h2><\/div>\n<\/div>\n\n\n\n<div class=\"wp-block-uagb-container uagb-block-5b3da9bb\">\n<div class=\"wp-block-uagb-container uagb-block-755c2543\">\n<div class=\"wp-block-uagb-counter uagb-block-49b6b395 wp-block-uagb-counter--number\"><div class=\"wp-block-uagb-counter__number\"><span class=\"uagb-counter-block-number\" data-duration=\"2\" data-to-value=\"150\" data-from-value=\"0\" data-delimiter=\",\"><\/span><span class=\"uagb-counter-block-suffix\">+<\/span><\/div><div class=\"wp-block-uagb-counter__title\">Memnun M\u00fc\u015fteriler<\/div><\/div>\n<\/div>\n\n\n\n<div class=\"wp-block-uagb-container uagb-block-a8d7c0da\">\n<div class=\"wp-block-uagb-counter uagb-block-936f70fc wp-block-uagb-counter--number\"><div class=\"wp-block-uagb-counter__number\"><span class=\"uagb-counter-block-number\" data-duration=\"2\" data-to-value=\"25\" data-from-value=\"0\" data-delimiter=\",\"><\/span><\/div><div class=\"wp-block-uagb-counter__title\">Y\u0131llar\u0131n Deneyimi<\/div><\/div>\n<\/div>\n\n\n\n<div class=\"wp-block-uagb-container uagb-block-6661d706\">\n<div class=\"wp-block-uagb-counter uagb-block-8efb002c wp-block-uagb-counter--number\"><div class=\"wp-block-uagb-counter__number\"><span class=\"uagb-counter-block-number\" data-duration=\"2\" data-to-value=\"400\" data-from-value=\"0\" data-delimiter=\",\"><\/span><span class=\"uagb-counter-block-suffix\">+<\/span><\/div><div class=\"wp-block-uagb-counter__title\">Tamamlanan Sevkiyat<\/div><\/div>\n<\/div>\n<\/div>\n<\/div><\/div>\n\n\n\n<div class=\"wp-block-uagb-container uagb-block-e6593559 alignfull uagb-is-root-container\"><div class=\"uagb-container-inner-blocks-wrap\"><\/div><\/div>\n<\/div><\/div>","protected":false},"excerpt":{"rendered":"","protected":false},"author":1,"featured_media":0,"parent":0,"menu_order":0,"comment_status":"closed","ping_status":"closed","template":"","meta":{"_uag_custom_page_level_css":"","_monsterinsights_skip_tracking":false,"_monsterinsights_sitenote_active":false,"_monsterinsights_sitenote_note":"","_monsterinsights_sitenote_category":0,"site-sidebar-layout":"no-sidebar","site-content-layout":"plain-container","ast-global-header-display":"","ast-banner-title-visibility":"","ast-main-header-display":"","ast-hfb-above-header-display":"","ast-hfb-below-header-display":"","ast-hfb-mobile-header-display":"","site-post-title":"disabled","ast-breadcrumbs-content":"","ast-featured-img":"","footer-sml-layout":"","theme-transparent-header-meta":"enabled","adv-header-id-meta":"","stick-header-meta":"","header-above-stick-meta":"","header-main-stick-meta":"","header-below-stick-meta":"","footnotes":""},"class_list":["post-599","page","type-page","status-publish","hentry"],"uagb_featured_image_src":{"full":false,"thumbnail":false,"medium":false,"medium_large":false,"large":false,"1536x1536":false,"2048x2048":false,"trp-custom-language-flag":false},"uagb_author_info":{"display_name":"masterzele","author_link":"https:\/\/www.zelesteel.com\/tr\/author\/masterzele\/"},"uagb_comment_info":0,"uagb_excerpt":null,"_links":{"self":[{"href":"https:\/\/www.zelesteel.com\/tr\/wp-json\/wp\/v2\/pages\/599","targetHints":{"allow":["GET"]}}],"collection":[{"href":"https:\/\/www.zelesteel.com\/tr\/wp-json\/wp\/v2\/pages"}],"about":[{"href":"https:\/\/www.zelesteel.com\/tr\/wp-json\/wp\/v2\/types\/page"}],"author":[{"embeddable":true,"href":"https:\/\/www.zelesteel.com\/tr\/wp-json\/wp\/v2\/users\/1"}],"replies":[{"embeddable":true,"href":"https:\/\/www.zelesteel.com\/tr\/wp-json\/wp\/v2\/comments?post=599"}],"version-history":[{"count":32,"href":"https:\/\/www.zelesteel.com\/tr\/wp-json\/wp\/v2\/pages\/599\/revisions"}],"predecessor-version":[{"id":1004,"href":"https:\/\/www.zelesteel.com\/tr\/wp-json\/wp\/v2\/pages\/599\/revisions\/1004"}],"wp:attachment":[{"href":"https:\/\/www.zelesteel.com\/tr\/wp-json\/wp\/v2\/media?parent=599"}],"curies":[{"name":"wp","href":"https:\/\/api.w.org\/{rel}","templated":true}]}}