{"id":597,"date":"2020-09-09T09:47:26","date_gmt":"2020-09-09T09:47:26","guid":{"rendered":"https:\/\/www.zelesteel.com\/?page_id=597"},"modified":"2023-06-12T11:01:18","modified_gmt":"2023-06-12T11:01:18","slug":"anasayfa","status":"publish","type":"page","link":"https:\/\/www.zelesteel.com\/pt\/","title":{"rendered":"Pagina inicial"},"content":{"rendered":"<div class=\"wp-block-uagb-container uagb-block-56ba4c73 alignfull uagb-is-root-container\">\n<div class=\"wp-block-uagb-container uagb-block-a82b2a18\">\n<div class=\"wp-block-uagb-container uagb-block-6d3ce115 alignfull uagb-is-root-container\"><div class=\"uagb-container-inner-blocks-wrap\">\n<div class=\"wp-block-uagb-container uagb-block-62eb611e\">\n<div class=\"inherit-container-width wp-block-group is-layout-constrained wp-container-core-group-is-layout-29c79c94 wp-block-group-is-layout-constrained\">\n<div class=\"wp-block-uagb-advanced-heading uagb-block-655dccd7\"><h1 class=\"uagb-heading-text\">It&#8217;s not just a coil !<\/h1><p class=\"uagb-desc-text\">Bem-vindo \u00e0 Zele Steel, onde voc\u00ea pode comprar com seguran\u00e7a produtos n\u00e3o nobres de origem europeia.<\/p><\/div>\n<\/div>\n<\/div>\n<\/div><\/div>\n<\/div>\n<\/div>\n\n\n\n<div class=\"wp-block-uagb-container uagb-block-9a00fd89 alignfull uagb-is-root-container\"><div class=\"uagb-container-inner-blocks-wrap\">\n<div class=\"wp-block-uagb-container uagb-block-6d3ef629\">\n<div class=\"wp-block-uagb-advanced-heading uagb-block-81e0dc3c\"><h2 class=\"uagb-heading-text\">Sobre n\u00f3s<\/h2><\/div>\n\n\n\n<div class=\"wp-block-uagb-advanced-heading uagb-block-620a5abb\"><h4 class=\"uagb-heading-text\">Transpar\u00eancia, Continuidade e Confian\u00e7a.<\/h4><p class=\"uagb-desc-text\">Como Zele Steel, oferecemos aos nossos clientes produtos de qualidade e solu\u00e7\u00f5es criativas com servi\u00e7o profissional e pre\u00e7os razo\u00e1veis, com a confian\u00e7a e o orgulho de trabalhar diretamente com os principais fabricantes de a\u00e7o do mundo.<br>Nossa empresa Zele Steel Trading NV atua como fornecedora e exportadora de v\u00e1rios produtos de chapa met\u00e1lica no com\u00e9rcio internacional de a\u00e7os planos h\u00e1 v\u00e1rios anos.<br><br><br><\/p><\/div>\n\n\n\n<div class=\"wp-block-buttons is-layout-flex wp-block-buttons-is-layout-flex\">\n<div class=\"wp-block-button\"><a class=\"wp-block-button__link wp-element-button\" href=\"https:\/\/www.zelesteel.com\/pt\/hakkimizda-2\/\">consulte Mais informa\u00e7\u00e3o<\/a><\/div>\n<\/div>\n<\/div>\n\n\n\n<div class=\"wp-block-uagb-container uagb-block-b064e60c\">\n<div class=\"wp-block-uagb-image aligncenter uagb-block-4f1584f9 wp-block-uagb-image--layout-default wp-block-uagb-image--effect-zoomin wp-block-uagb-image--align-center\"><figure class=\"wp-block-uagb-image__figure\"><img decoding=\"async\" srcset=\"https:\/\/www.zelesteel.com\/wp-content\/uploads\/2023\/06\/group-people-working-out-business-plan-office.jpg , https:\/\/www.zelesteel.com\/wp-content\/uploads\/2023\/05\/Adsiz-tasarim-46.png 360w\" sizes=\"auto, (max-width: 480px) 150px\" src=\"https:\/\/www.zelesteel.com\/wp-content\/uploads\/2023\/06\/group-people-working-out-business-plan-office.jpg\" alt=\"\" class=\"uag-image-1029\" width=\"1920\" height=\"1080\" title=\"\" loading=\"lazy\"\/><\/figure><\/div>\n<\/div>\n<\/div><\/div>\n\n\n\n<div class=\"wp-block-uagb-container uagb-block-4e5a526e alignfull uagb-is-root-container\"><div class=\"uagb-container-inner-blocks-wrap\">\n<div class=\"wp-block-uagb-container uagb-block-7a5c43ac\">\n<div class=\"wp-block-uagb-advanced-heading uagb-block-33d2f560\"><h2 class=\"uagb-heading-text\">SINTA-SE DIFERENTE COM ZELE STEEL<br><\/h2><\/div>\n\n\n\n<div class=\"wp-block-uagb-advanced-heading uagb-block-017ca76f\"><div class=\"uagb-heading-text\">Acreditamos que cresceremos adotando o profissionalismo como nosso componente b\u00e1sico e compartilhando nosso conhecimento e experi\u00eancia espec\u00edficos do setor com todos os nossos stakeholders. Seguindo essa cren\u00e7a, abordamos nosso trabalho com mais energia.<\/div><\/div>\n<\/div>\n<\/div><\/div>\n\n\n\n<div class=\"wp-block-uagb-container uagb-block-ca4781f9 alignfull uagb-is-root-container\"><div class=\"uagb-container-inner-blocks-wrap\">\n<div class=\"wp-block-uagb-advanced-heading uagb-block-1636dfde\"><h2 class=\"uagb-heading-text\">NOSSOS SERVI\u00c7OS<\/h2><p class=\"uagb-desc-text\">Fornecemos aos nossos valiosos clientes os produtos listados abaixo.<br>Sinta a diferen\u00e7a Zele Steel.<\/p><\/div>\n\n\n\n<div class=\"wp-block-uagb-container uagb-block-d6683dc4\">\n<div class=\"wp-block-uagb-container uagb-block-d50699e5\">\n<div class=\"wp-block-uagb-image aligncenter uagb-block-ea8d9a75 wp-block-uagb-image--layout-default wp-block-uagb-image--effect-static wp-block-uagb-image--align-center\"><figure class=\"wp-block-uagb-image__figure\"><img decoding=\"async\" srcset=\"https:\/\/www.zelesteel.com\/wp-content\/uploads\/2023\/05\/large-coils-with-aluminum-foil-produced-aluminum-industry-factory-300x200.jpg \" sizes=\"auto, (max-width: 480px) 150px\" src=\"https:\/\/www.zelesteel.com\/wp-content\/uploads\/2023\/05\/large-coils-with-aluminum-foil-produced-aluminum-industry-factory-300x200.jpg\" alt=\"\" class=\"uag-image-755\" width=\"300\" height=\"200\" title=\"\" loading=\"lazy\"\/><\/figure><\/div>\n\n\n\n<div class=\"wp-block-uagb-info-box uagb-block-b7bfcd07 uagb-infobox__content-wrap  uagb-infobox-icon-above-title uagb-infobox-image-valign-top\"><div class=\"uagb-ifb-content\"><div class=\"uagb-ifb-title-wrap\"><h5 class=\"uagb-ifb-title\"><strong>Bobinas Galvanizadas<\/strong><\/h5><\/div><p class=\"uagb-ifb-desc\">A galvaniza\u00e7\u00e3o reveste a\u00e7o ou ferro com uma camada protetora para evitar corros\u00e3o e desgaste. (Cobre, Magn\u00e9sio, Sil\u00edcio, Enxofre, Alum\u00ednio, Cromo, Molibd\u00eanio, Nitrog\u00eanio, Tit\u00e2nio..<\/p><div class=\"uagb-ifb-button-wrapper wp-block-button\"><a href=\"https:\/\/www.zelesteel.com\/pt\/products\/\" class=\"uagb-infobox-cta-link wp-block-button__link\" target=\"_self\" rel=\"noopener noreferrer\" onclick=\"return true;\" alt=\"\"><span class=\"uagb-inline-editing\">consulte Mais informa\u00e7\u00e3o<\/span><svg xmlns=\"https:\/\/www.w3.org\/2000\/svg\" viewbox=\"0 0 448 512\"><path d=\"M246.6 233.4l-160-160c-12.5-12.5-32.75-12.5-45.25 0s-12.5 32.75 0 45.25L178.8 256l-137.4 137.4c-12.5 12.5-12.5 32.75 0 45.25C47.63 444.9 55.81 448 64 448s16.38-3.125 22.62-9.375l160-160C259.1 266.1 259.1 245.9 246.6 233.4zM438.6 233.4l-160-160c-12.5-12.5-32.75-12.5-45.25 0s-12.5 32.75 0 45.25L370.8 256l-137.4 137.4c-12.5 12.5-12.5 32.75 0 45.25C239.6 444.9 247.8 448 256 448s16.38-3.125 22.62-9.375l160-160C451.1 266.1 451.1 245.9 438.6 233.4z\"><\/path><\/svg><\/a><\/div><\/div><\/div>\n<\/div>\n\n\n\n<div class=\"wp-block-uagb-container uagb-block-8af3d6ba\">\n<div class=\"wp-block-uagb-image aligncenter uagb-block-b4c08255 wp-block-uagb-image--layout-default wp-block-uagb-image--effect-static wp-block-uagb-image--align-center\"><figure class=\"wp-block-uagb-image__figure\"><img decoding=\"async\" srcset=\"https:\/\/www.zelesteel.com\/wp-content\/uploads\/2023\/05\/long-strips-aluminum-rolled-conveyor-belts-factory-aluminum-industry-generative-ai-300x200.jpg \" sizes=\"auto, (max-width: 480px) 150px\" src=\"https:\/\/www.zelesteel.com\/wp-content\/uploads\/2023\/05\/long-strips-aluminum-rolled-conveyor-belts-factory-aluminum-industry-generative-ai-300x200.jpg\" alt=\"\" class=\"uag-image-751\" width=\"300\" height=\"200\" title=\"\" loading=\"lazy\"\/><\/figure><\/div>\n\n\n\n<div class=\"wp-block-uagb-info-box uagb-block-04c0345d uagb-infobox__content-wrap  uagb-infobox-icon-above-title uagb-infobox-image-valign-top\"><div class=\"uagb-ifb-content\"><div class=\"uagb-ifb-title-wrap\"><h5 class=\"uagb-ifb-title\"><br>Bobinas de A\u00e7o Inoxid\u00e1vel<\/h5><\/div><p class=\"uagb-ifb-desc\">Tem uma superf\u00edcie lisa e \u00e9 adequado para aplica\u00e7\u00e3o de revestimento em p\u00f3 e estampagem profunda, pois cada part\u00edcula de zinco \u00e9 ligada individualmente ao a\u00e7o secund\u00e1rio por eletrifica\u00e7\u00e3o\u2026<\/p><div class=\"uagb-ifb-button-wrapper wp-block-button\"><a href=\"https:\/\/www.zelesteel.com\/pt\/products\/\" class=\"uagb-infobox-cta-link wp-block-button__link\" target=\"_self\" rel=\"noopener noreferrer\" onclick=\"return true;\" alt=\"\"><span class=\"uagb-inline-editing\">consulte Mais informa\u00e7\u00e3o<\/span><svg xmlns=\"https:\/\/www.w3.org\/2000\/svg\" viewbox=\"0 0 448 512\"><path d=\"M246.6 233.4l-160-160c-12.5-12.5-32.75-12.5-45.25 0s-12.5 32.75 0 45.25L178.8 256l-137.4 137.4c-12.5 12.5-12.5 32.75 0 45.25C47.63 444.9 55.81 448 64 448s16.38-3.125 22.62-9.375l160-160C259.1 266.1 259.1 245.9 246.6 233.4zM438.6 233.4l-160-160c-12.5-12.5-32.75-12.5-45.25 0s-12.5 32.75 0 45.25L370.8 256l-137.4 137.4c-12.5 12.5-12.5 32.75 0 45.25C239.6 444.9 247.8 448 256 448s16.38-3.125 22.62-9.375l160-160C451.1 266.1 451.1 245.9 438.6 233.4z\"><\/path><\/svg><\/a><\/div><\/div><\/div>\n<\/div>\n\n\n\n<div class=\"wp-block-uagb-container uagb-block-6ba68699\">\n<div class=\"wp-block-uagb-image aligncenter uagb-block-6115477f wp-block-uagb-image--layout-default wp-block-uagb-image--effect-static wp-block-uagb-image--align-center\"><figure class=\"wp-block-uagb-image__figure\"><img decoding=\"async\" srcset=\"https:\/\/www.zelesteel.com\/wp-content\/uploads\/2023\/06\/R-300x300.png \" sizes=\"auto, (max-width: 480px) 150px\" src=\"https:\/\/www.zelesteel.com\/wp-content\/uploads\/2023\/06\/R-300x300.png\" alt=\"\" class=\"uag-image-1027\" width=\"243\" height=\"243\" title=\"\" loading=\"lazy\"\/><\/figure><\/div>\n\n\n\n<div class=\"wp-block-uagb-info-box uagb-block-8508d0be uagb-infobox__content-wrap  uagb-infobox-icon-above-title uagb-infobox-image-valign-top\"><div class=\"uagb-ifb-content\"><div class=\"uagb-ifb-title-wrap\"><h5 class=\"uagb-ifb-title\">Bobinas Pintadas<\/h5><\/div><p class=\"uagb-ifb-desc\">O a\u00e7o laminado a quente \u00e9 geralmente usado para trabalhos ligeiramente mais \u00e1speros que n\u00e3o requerem um ajuste muito fino. Por exemplo, \u00e9 usado em \u00e1reas como linhas ferrovi\u00e1rias e projetos de constru\u00e7\u00e3o\u2026<\/p><div class=\"uagb-ifb-button-wrapper wp-block-button\"><a href=\"https:\/\/www.zelesteel.com\/pt\/products\/\" class=\"uagb-infobox-cta-link wp-block-button__link\" target=\"_self\" rel=\"noopener noreferrer\" onclick=\"return true;\" alt=\"\"><span class=\"uagb-inline-editing\">consulte Mais informa\u00e7\u00e3o<\/span><svg xmlns=\"https:\/\/www.w3.org\/2000\/svg\" viewbox=\"0 0 448 512\"><path d=\"M246.6 233.4l-160-160c-12.5-12.5-32.75-12.5-45.25 0s-12.5 32.75 0 45.25L178.8 256l-137.4 137.4c-12.5 12.5-12.5 32.75 0 45.25C47.63 444.9 55.81 448 64 448s16.38-3.125 22.62-9.375l160-160C259.1 266.1 259.1 245.9 246.6 233.4zM438.6 233.4l-160-160c-12.5-12.5-32.75-12.5-45.25 0s-12.5 32.75 0 45.25L370.8 256l-137.4 137.4c-12.5 12.5-12.5 32.75 0 45.25C239.6 444.9 247.8 448 256 448s16.38-3.125 22.62-9.375l160-160C451.1 266.1 451.1 245.9 438.6 233.4z\"><\/path><\/svg><\/a><\/div><\/div><\/div>\n<\/div>\n\n\n\n<div class=\"wp-block-uagb-container uagb-block-bfe4daf7\">\n<div class=\"wp-block-uagb-image aligncenter uagb-block-5c2f47a2 wp-block-uagb-image--layout-default wp-block-uagb-image--effect-static wp-block-uagb-image--align-center\"><figure class=\"wp-block-uagb-image__figure\"><img decoding=\"async\" srcset=\"https:\/\/www.zelesteel.com\/wp-content\/uploads\/2023\/05\/3d-rendering-heap-roll-steel-sheets-factory-300x200.jpg \" sizes=\"auto, (max-width: 480px) 150px\" src=\"https:\/\/www.zelesteel.com\/wp-content\/uploads\/2023\/05\/3d-rendering-heap-roll-steel-sheets-factory-300x200.jpg\" alt=\"\" class=\"uag-image-750\" width=\"315\" height=\"210\" title=\"\" loading=\"lazy\"\/><\/figure><\/div>\n\n\n\n<div class=\"wp-block-uagb-info-box uagb-block-1f5eb057 uagb-infobox__content-wrap  uagb-infobox-icon-above-title uagb-infobox-image-valign-top\"><div class=\"uagb-ifb-content\"><div class=\"uagb-ifb-title-wrap\"><h5 class=\"uagb-ifb-title\">Folhas de Alum\u00ednio<\/h5><\/div><p class=\"uagb-ifb-desc\">O a\u00e7o laminado a frio \u00e9 usado em aplica\u00e7\u00f5es que exigem excelente qualidade superficial. Por exemplo, pain\u00e9is automotivos e de eletrodom\u00e9sticos\u2026<br><br><\/p><div class=\"uagb-ifb-button-wrapper wp-block-button\"><a href=\"https:\/\/www.zelesteel.com\/pt\/products\/\" class=\"uagb-infobox-cta-link wp-block-button__link\" target=\"_self\" rel=\"noopener noreferrer\" onclick=\"return true;\" alt=\"\"><span class=\"uagb-inline-editing\">consulte Mais informa\u00e7\u00e3o<\/span><svg xmlns=\"https:\/\/www.w3.org\/2000\/svg\" viewbox=\"0 0 448 512\"><path d=\"M246.6 233.4l-160-160c-12.5-12.5-32.75-12.5-45.25 0s-12.5 32.75 0 45.25L178.8 256l-137.4 137.4c-12.5 12.5-12.5 32.75 0 45.25C47.63 444.9 55.81 448 64 448s16.38-3.125 22.62-9.375l160-160C259.1 266.1 259.1 245.9 246.6 233.4zM438.6 233.4l-160-160c-12.5-12.5-32.75-12.5-45.25 0s-12.5 32.75 0 45.25L370.8 256l-137.4 137.4c-12.5 12.5-12.5 32.75 0 45.25C239.6 444.9 247.8 448 256 448s16.38-3.125 22.62-9.375l160-160C451.1 266.1 451.1 245.9 438.6 233.4z\"><\/path><\/svg><\/a><\/div><\/div><\/div>\n<\/div>\n<\/div>\n<\/div><\/div>\n\n\n\n<div class=\"wp-block-uagb-container uagb-block-09470763 alignfull uagb-is-root-container\"><div class=\"uagb-container-inner-blocks-wrap\">\n<div class=\"wp-block-uagb-container uagb-block-41b914a5\">\n<div class=\"wp-block-uagb-info-box uagb-block-8cd2213e uagb-infobox__content-wrap  uagb-infobox-icon-above-title uagb-infobox-image-valign-top\"><div class=\"uagb-ifb-content\"><div class=\"uagb-ifb-title-wrap\"><h1 class=\"uagb-ifb-title\">&#8221; It&#8217;s more than a coil. &#8220;<\/h1><\/div><p class=\"uagb-ifb-desc\">Para mais informa\u00e7\u00f5es e contato.<\/p><div class=\"uagb-ifb-button-wrapper wp-block-button\"><a href=\"https:\/\/www.zelesteel.com\/pt\/contact\/\" class=\"uagb-infobox-cta-link wp-block-button__link\" target=\"_self\" rel=\"noopener noreferrer\" onclick=\"return true;\" alt=\"\"><span class=\"uagb-inline-editing\">Contato<\/span><\/a><\/div><\/div><\/div>\n<\/div>\n<\/div><\/div>\n\n\n\n<div class=\"wp-block-uagb-container uagb-block-e859573c alignfull uagb-is-root-container\"><div class=\"uagb-container-inner-blocks-wrap\">\n<div class=\"wp-block-uagb-image uagb-block-57e9a75b wp-block-uagb-image--layout-default wp-block-uagb-image--effect-static wp-block-uagb-image--align-none\"><figure class=\"wp-block-uagb-image__figure\"><img decoding=\"async\" srcset=\"https:\/\/www.zelesteel.com\/wp-content\/uploads\/2020\/09\/graphic05-free-img-1024x42.png \" sizes=\"auto, (max-width: 480px) 150px\" src=\"https:\/\/www.zelesteel.com\/wp-content\/uploads\/2020\/09\/graphic05-free-img-1024x42.png\" alt=\"\" class=\"uag-image-81\" width=\"1024\" height=\"42\" title=\"\" loading=\"lazy\"\/><\/figure><\/div>\n<\/div><\/div>\n\n\n\n<div class=\"wp-block-uagb-container uagb-block-04559107 alignfull uagb-is-root-container\"><div class=\"uagb-container-inner-blocks-wrap\">\n<div class=\"wp-block-uagb-container uagb-block-1bf0c357\"><\/div>\n<\/div><\/div>","protected":false},"excerpt":{"rendered":"","protected":false},"author":1,"featured_media":627,"parent":0,"menu_order":0,"comment_status":"closed","ping_status":"closed","template":"","meta":{"_uag_custom_page_level_css":"","_monsterinsights_skip_tracking":false,"_monsterinsights_sitenote_active":false,"_monsterinsights_sitenote_note":"","_monsterinsights_sitenote_category":0,"site-sidebar-layout":"no-sidebar","site-content-layout":"plain-container","ast-global-header-display":"","ast-banner-title-visibility":"","ast-main-header-display":"","ast-hfb-above-header-display":"","ast-hfb-below-header-display":"","ast-hfb-mobile-header-display":"","site-post-title":"disabled","ast-breadcrumbs-content":"","ast-featured-img":"disabled","footer-sml-layout":"","theme-transparent-header-meta":"enabled","adv-header-id-meta":"","stick-header-meta":"","header-above-stick-meta":"","header-main-stick-meta":"","header-below-stick-meta":"","footnotes":""},"class_list":["post-597","page","type-page","status-publish","has-post-thumbnail","hentry"],"uagb_featured_image_src":{"full":["https:\/\/www.zelesteel.com\/wp-content\/uploads\/2023\/05\/3.jpg",1920,1080,false],"thumbnail":["https:\/\/www.zelesteel.com\/wp-content\/uploads\/2023\/05\/3-150x150.jpg",150,150,true],"medium":["https:\/\/www.zelesteel.com\/wp-content\/uploads\/2023\/05\/3-300x169.jpg",300,169,true],"medium_large":["https:\/\/www.zelesteel.com\/wp-content\/uploads\/2023\/05\/3-768x432.jpg",768,432,true],"large":["https:\/\/www.zelesteel.com\/wp-content\/uploads\/2023\/05\/3-1024x576.jpg",1024,576,true],"1536x1536":["https:\/\/www.zelesteel.com\/wp-content\/uploads\/2023\/05\/3-1536x864.jpg",1536,864,true],"2048x2048":["https:\/\/www.zelesteel.com\/wp-content\/uploads\/2023\/05\/3.jpg",1920,1080,false],"trp-custom-language-flag":["https:\/\/www.zelesteel.com\/wp-content\/uploads\/2023\/05\/3.jpg",18,10,false]},"uagb_author_info":{"display_name":"masterzele","author_link":"https:\/\/www.zelesteel.com\/pt\/author\/masterzele\/"},"uagb_comment_info":0,"uagb_excerpt":null,"_links":{"self":[{"href":"https:\/\/www.zelesteel.com\/pt\/wp-json\/wp\/v2\/pages\/597","targetHints":{"allow":["GET"]}}],"collection":[{"href":"https:\/\/www.zelesteel.com\/pt\/wp-json\/wp\/v2\/pages"}],"about":[{"href":"https:\/\/www.zelesteel.com\/pt\/wp-json\/wp\/v2\/types\/page"}],"author":[{"embeddable":true,"href":"https:\/\/www.zelesteel.com\/pt\/wp-json\/wp\/v2\/users\/1"}],"replies":[{"embeddable":true,"href":"https:\/\/www.zelesteel.com\/pt\/wp-json\/wp\/v2\/comments?post=597"}],"version-history":[{"count":63,"href":"https:\/\/www.zelesteel.com\/pt\/wp-json\/wp\/v2\/pages\/597\/revisions"}],"predecessor-version":[{"id":1045,"href":"https:\/\/www.zelesteel.com\/pt\/wp-json\/wp\/v2\/pages\/597\/revisions\/1045"}],"wp:featuredmedia":[{"embeddable":true,"href":"https:\/\/www.zelesteel.com\/pt\/wp-json\/wp\/v2\/media\/627"}],"wp:attachment":[{"href":"https:\/\/www.zelesteel.com\/pt\/wp-json\/wp\/v2\/media?parent=597"}],"curies":[{"name":"wp","href":"https:\/\/api.w.org\/{rel}","templated":true}]}}