{"id":600,"date":"2020-09-09T09:56:54","date_gmt":"2020-09-09T09:56:54","guid":{"rendered":"https:\/\/www.zelesteel.com\/?page_id=600"},"modified":"2023-06-12T11:01:52","modified_gmt":"2023-06-12T11:01:52","slug":"products","status":"publish","type":"page","link":"https:\/\/www.zelesteel.com\/fr\/products\/","title":{"rendered":"Des produits"},"content":{"rendered":"<div class=\"wp-block-uagb-container uagb-block-e06ed43b alignfull uagb-is-root-container\"><div class=\"uagb-container-inner-blocks-wrap\">\n<div class=\"wp-block-uagb-container uagb-block-8834c453\">\n<div class=\"wp-block-uagb-advanced-heading uagb-block-0ce12952\"><h1 class=\"uagb-heading-text\"><br><br>DES PRODUITS<br><br><br><\/h1><\/div>\n<\/div>\n<\/div><\/div>\n\n\n\n<div class=\"wp-block-uagb-container uagb-block-16101ea8 alignfull uagb-is-root-container\"><div class=\"uagb-container-inner-blocks-wrap\">\n<div class=\"wp-block-uagb-container uagb-block-132d395b\">\n<h2 class=\"wp-block-heading\">ZELE ACIER<\/h2>\n\n\n\n<div class=\"wp-block-uagb-advanced-heading uagb-block-e07103a4\"><h3 class=\"uagb-heading-text\">Nous fournissons un service pour tous les produits en t\u00f4le, tous avec certificat EUR1.<\/h3><p class=\"uagb-desc-text\">En tant que Zele Steel, nous attachons une grande importance \u00e0 fournir un service rapide, fiable et durable.<\/p><\/div>\n<\/div>\n\n\n\n<div class=\"wp-block-uagb-container uagb-block-4a1a0baf\">\n<div class=\"wp-block-uagb-faq uagb-faq__outer-wrap uagb-block-045ee8b8 uagb-faq-icon-row-reverse uagb-faq-layout-accordion uagb-faq-expand-first-false uagb-faq-inactive-other-true uagb-faq__wrap uagb-buttons-layout-wrap uagb-faq-equal-height\" data-faqtoggle=\"true\" role=\"tablist\">\n<div class=\"wp-block-uagb-faq-child uagb-faq-child__outer-wrap uagb-faq-item uagb-block-ef73d79b\" role=\"tab\" tabindex=\"0\"><div class=\"uagb-faq-questions-button uagb-faq-questions\"><span class=\"uagb-icon uagb-faq-icon-wrap\"><svg xmlns=\"https:\/\/www.w3.org\/2000\/svg\" viewbox=\"0 0 256 512\"><path d=\"M118.6 105.4l128 127.1C252.9 239.6 256 247.8 256 255.1s-3.125 16.38-9.375 22.63l-128 127.1c-9.156 9.156-22.91 11.9-34.88 6.943S64 396.9 64 383.1V128c0-12.94 7.781-24.62 19.75-29.58S109.5 96.23 118.6 105.4z\"><\/path><\/svg><\/span><span class=\"uagb-icon-active uagb-faq-icon-wrap\"><svg xmlns=\"https:\/\/www.w3.org\/2000\/svg\" viewbox=\"0 0 320 512\"><path d=\"M9.39 265.4l127.1-128C143.6 131.1 151.8 128 160 128s16.38 3.125 22.63 9.375l127.1 128c9.156 9.156 11.9 22.91 6.943 34.88S300.9 320 287.1 320H32.01c-12.94 0-24.62-7.781-29.58-19.75S.2333 274.5 9.39 265.4z\"><\/path><\/svg><\/span><span class=\"uagb-question\"><strong>Bobines galvanis\u00e9es<\/strong><\/span><\/div><p class=\"uagb-faq-content\">La galvanisation recouvre l&#039;acier ou le fer d&#039;une couche protectrice pour pr\u00e9venir la corrosion et l&#039;usure.<\/p><\/div>\n\n\n\n<div class=\"wp-block-uagb-faq-child uagb-faq-child__outer-wrap uagb-faq-item uagb-block-8452d449\" role=\"tab\" tabindex=\"0\"><div class=\"uagb-faq-questions-button uagb-faq-questions\"><span class=\"uagb-icon uagb-faq-icon-wrap\"><svg xmlns=\"https:\/\/www.w3.org\/2000\/svg\" viewbox=\"0 0 256 512\"><path d=\"M118.6 105.4l128 127.1C252.9 239.6 256 247.8 256 255.1s-3.125 16.38-9.375 22.63l-128 127.1c-9.156 9.156-22.91 11.9-34.88 6.943S64 396.9 64 383.1V128c0-12.94 7.781-24.62 19.75-29.58S109.5 96.23 118.6 105.4z\"><\/path><\/svg><\/span><span class=\"uagb-icon-active uagb-faq-icon-wrap\"><svg xmlns=\"https:\/\/www.w3.org\/2000\/svg\" viewbox=\"0 0 320 512\"><path d=\"M9.39 265.4l127.1-128C143.6 131.1 151.8 128 160 128s16.38 3.125 22.63 9.375l127.1 128c9.156 9.156 11.9 22.91 6.943 34.88S300.9 320 287.1 320H32.01c-12.94 0-24.62-7.781-29.58-19.75S.2333 274.5 9.39 265.4z\"><\/path><\/svg><\/span><span class=\"uagb-question\"><strong><strong><strong><strong>Feuilles d&#039;aluminium<\/strong><\/strong><\/strong><\/strong><\/span><\/div><p class=\"uagb-faq-content\">Il est recouvert des deux c\u00f4t\u00e9s d&#039;un alliage aluminium-silicone r\u00e9sistant \u00e0 la chaleur.<\/p><\/div>\n\n\n\n<div class=\"wp-block-uagb-faq-child uagb-faq-child__outer-wrap uagb-faq-item uagb-block-1da47dd0\" role=\"tab\" tabindex=\"0\"><div class=\"uagb-faq-questions-button uagb-faq-questions\"><span class=\"uagb-icon uagb-faq-icon-wrap\"><svg xmlns=\"https:\/\/www.w3.org\/2000\/svg\" viewbox=\"0 0 256 512\"><path d=\"M118.6 105.4l128 127.1C252.9 239.6 256 247.8 256 255.1s-3.125 16.38-9.375 22.63l-128 127.1c-9.156 9.156-22.91 11.9-34.88 6.943S64 396.9 64 383.1V128c0-12.94 7.781-24.62 19.75-29.58S109.5 96.23 118.6 105.4z\"><\/path><\/svg><\/span><span class=\"uagb-icon-active uagb-faq-icon-wrap\"><svg xmlns=\"https:\/\/www.w3.org\/2000\/svg\" viewbox=\"0 0 320 512\"><path d=\"M9.39 265.4l127.1-128C143.6 131.1 151.8 128 160 128s16.38 3.125 22.63 9.375l127.1 128c9.156 9.156 11.9 22.91 6.943 34.88S300.9 320 287.1 320H32.01c-12.94 0-24.62-7.781-29.58-19.75S.2333 274.5 9.39 265.4z\"><\/path><\/svg><\/span><span class=\"uagb-question\"><strong>Bobines en acier inoxydable<\/strong><\/span><\/div><p class=\"uagb-faq-content\">Les aciers inoxydables se caract\u00e9risent principalement par une teneur accrue en chrome et une r\u00e9sistance accrue \u00e0 la corrosion.<\/p><\/div>\n\n\n\n<div class=\"wp-block-uagb-faq-child uagb-faq-child__outer-wrap uagb-faq-item uagb-block-b9d50773\" role=\"tab\" tabindex=\"0\"><div class=\"uagb-faq-questions-button uagb-faq-questions\"><span class=\"uagb-icon uagb-faq-icon-wrap\"><svg xmlns=\"https:\/\/www.w3.org\/2000\/svg\" viewbox=\"0 0 256 512\"><path d=\"M118.6 105.4l128 127.1C252.9 239.6 256 247.8 256 255.1s-3.125 16.38-9.375 22.63l-128 127.1c-9.156 9.156-22.91 11.9-34.88 6.943S64 396.9 64 383.1V128c0-12.94 7.781-24.62 19.75-29.58S109.5 96.23 118.6 105.4z\"><\/path><\/svg><\/span><span class=\"uagb-icon-active uagb-faq-icon-wrap\"><svg xmlns=\"https:\/\/www.w3.org\/2000\/svg\" viewbox=\"0 0 320 512\"><path d=\"M9.39 265.4l127.1-128C143.6 131.1 151.8 128 160 128s16.38 3.125 22.63 9.375l127.1 128c9.156 9.156 11.9 22.91 6.943 34.88S300.9 320 287.1 320H32.01c-12.94 0-24.62-7.781-29.58-19.75S.2333 274.5 9.39 265.4z\"><\/path><\/svg><\/span><span class=\"uagb-question\"><strong>Bobines peintes<\/strong><\/span><\/div><p class=\"uagb-faq-content\">Les t\u00f4les color\u00e9es sont obtenues en peignant des t\u00f4les de fer ou d&#039;acier pr\u00e9-galvanis\u00e9es. Aussi connu sous le nom d&#039;acier peint ou de t\u00f4le color\u00e9e.<\/p><\/div>\n<\/div>\n<\/div>\n<\/div><\/div>\n\n\n\n<div class=\"wp-block-uagb-container uagb-block-ad71654a alignfull uagb-is-root-container\"><div class=\"uagb-container-inner-blocks-wrap\">\n<div class=\"wp-block-uagb-container uagb-block-de30fa70\">\n<div class=\"wp-block-uagb-image uagb-block-14ae125c wp-block-uagb-image--layout-default wp-block-uagb-image--effect-zoomin wp-block-uagb-image--align-none\"><figure class=\"wp-block-uagb-image__figure\"><img decoding=\"async\" srcset=\"https:\/\/www.zelesteel.com\/wp-content\/uploads\/2023\/05\/large-coils-with-aluminum-foil-produced-aluminum-industry-factory-1024x683.jpg \" sizes=\"auto, (max-width: 480px) 150px\" src=\"https:\/\/www.zelesteel.com\/wp-content\/uploads\/2023\/05\/large-coils-with-aluminum-foil-produced-aluminum-industry-factory-1024x683.jpg\" alt=\"\" class=\"uag-image-755\" width=\"1024\" height=\"683\" title=\"\" loading=\"lazy\"\/><\/figure><\/div>\n<\/div>\n\n\n\n<div class=\"wp-block-uagb-container uagb-block-0f7a47bc\">\n<div class=\"wp-block-uagb-advanced-heading uagb-block-7b4744ab\"><h3 class=\"uagb-heading-text\"><strong><strong>Bobines galvanis\u00e9es<\/strong><\/strong><\/h3><p class=\"uagb-desc-text\">Il a une surface lisse et convient bien aux applications de rev\u00eatement en poudre et d&#039;emboutissage profond car chaque particule de zinc est li\u00e9e individuellement \u00e0 l&#039;acier secondaire par \u00e9lectrification.<\/p><\/div>\n\n\n\n<div class=\"wp-block-uagb-advanced-heading uagb-block-1e90d0c6\"><h3 class=\"uagb-heading-text\"><strong><strong><strong>Bobine \u00e9lectro-galvanis\u00e9e<\/strong><\/strong><\/strong><\/h3><p class=\"uagb-desc-text\">Il a une surface lisse et convient bien aux applications de rev\u00eatement en poudre et d&#039;emboutissage profond car chaque particule de zinc est li\u00e9e individuellement \u00e0 l&#039;acier secondaire par \u00e9lectrification.<\/p><\/div>\n\n\n\n<div class=\"wp-block-uagb-advanced-heading uagb-block-f7a84579\"><h3 class=\"uagb-heading-text\"><strong><strong><strong><strong>Bobine lamin\u00e9e \u00e0 chaud<\/strong><\/strong><\/strong><\/strong><\/h3><p class=\"uagb-desc-text\">L&#039;acier lamin\u00e9 \u00e0 chaud est g\u00e9n\u00e9ralement utilis\u00e9 pour les travaux l\u00e9g\u00e8rement plus grossiers qui ne n\u00e9cessitent pas de r\u00e9glage tr\u00e8s fin. Par exemple, il est utilis\u00e9 dans des domaines tels que les lignes de chemin de fer et les projets de construction.<\/p><\/div>\n\n\n\n<div class=\"wp-block-uagb-advanced-heading uagb-block-80c9e57f\"><h3 class=\"uagb-heading-text\"><strong><strong><strong><strong><strong>Bobine lamin\u00e9e \u00e0 froid<\/strong><\/strong><\/strong><\/strong><\/strong><\/h3><p class=\"uagb-desc-text\">L&#039;acier lamin\u00e9 \u00e0 froid est utilis\u00e9 dans des applications n\u00e9cessitant une excellente qualit\u00e9 de surface. Par exemple, les panneaux automobiles et \u00e9lectrom\u00e9nagers.<br><\/p><\/div>\n\n\n\n<div class=\"wp-block-uagb-icon-list uagb-block-7417ff47\"><div class=\"uagb-icon-list__wrap\">\n<div class=\"wp-block-uagb-icon-list-child uagb-block-eeba44a7\"><span class=\"uagb-icon-list__source-wrap\"><svg xmlns=\"https:\/\/www.w3.org\/2000\/svg\" viewbox=\"0 0 512 512\"><path d=\"M0 256C0 114.6 114.6 0 256 0C397.4 0 512 114.6 512 256C512 397.4 397.4 512 256 512C114.6 512 0 397.4 0 256zM256 352C309 352 352 309 352 256C352 202.1 309 160 256 160C202.1 160 160 202.1 160 256C160 309 202.1 352 256 352z\"><\/path><\/svg><\/span><span class=\"uagb-icon-list__label\">Epaisseur : : 0,30 \u2013 3 mm<\/span><\/div>\n\n\n\n<div class=\"wp-block-uagb-icon-list-child uagb-block-1872f66e\"><span class=\"uagb-icon-list__source-wrap\"><svg xmlns=\"https:\/\/www.w3.org\/2000\/svg\" viewbox=\"0 0 512 512\"><path d=\"M0 256C0 114.6 114.6 0 256 0C397.4 0 512 114.6 512 256C512 397.4 397.4 512 256 512C114.6 512 0 397.4 0 256zM256 352C309 352 352 309 352 256C352 202.1 309 160 256 160C202.1 160 160 202.1 160 256C160 309 202.1 352 256 352z\"><\/path><\/svg><\/span><span class=\"uagb-icon-list__label\">Largeur : 900 \u2013 1999 mm<\/span><\/div>\n\n\n\n<div class=\"wp-block-uagb-icon-list-child uagb-block-b8258051\"><span class=\"uagb-icon-list__source-wrap\"><svg xmlns=\"https:\/\/www.w3.org\/2000\/svg\" viewbox=\"0 0 512 512\"><path d=\"M0 256C0 114.6 114.6 0 256 0C397.4 0 512 114.6 512 256C512 397.4 397.4 512 256 512C114.6 512 0 397.4 0 256zM256 352C309 352 352 309 352 256C352 202.1 309 160 256 160C202.1 160 160 202.1 160 256C160 309 202.1 352 256 352z\"><\/path><\/svg><\/span><span class=\"uagb-icon-list__label\">Nuance d&#039;acier\u00a0: DX51-56, S220-550GD DC01-06, HC340-420LA, HCT450X-980X, DP450-980, DD11ULC, S185-355, E295-360, HSS460-600<\/span><\/div>\n<\/div><\/div>\n<\/div>\n<\/div><\/div>\n\n\n\n<div class=\"wp-block-uagb-container uagb-block-8274ccb0 alignfull uagb-is-root-container\"><div class=\"uagb-container-inner-blocks-wrap\">\n<div class=\"wp-block-uagb-container uagb-block-cbc8f3cf\">\n<div class=\"wp-block-uagb-advanced-heading uagb-block-ab20ca22\"><h3 class=\"uagb-heading-text\"><strong><strong><strong>Feuilles d&#039;aluminium<\/strong><\/strong><\/strong><\/h3><p class=\"uagb-desc-text\">Il est recouvert des deux c\u00f4t\u00e9s d&#039;un alliage aluminium-silicone r\u00e9sistant \u00e0 la chaleur.<br>Ce type de panneau est pr\u00e9f\u00e9r\u00e9 dans la zone de chauffage car il conduit mieux la chaleur que tout autre panneau.<br>Les utilisations les plus courantes sont les incin\u00e9rateurs, les fours, les appareils de chauffage, les tables de cuisson et les grils, les s\u00e9choirs, les pi\u00e8ces de moteur, etc.<br><br><br><br><\/p><\/div>\n\n\n\n<div class=\"wp-block-uagb-icon-list uagb-block-38870a89\"><div class=\"uagb-icon-list__wrap\">\n<div class=\"wp-block-uagb-icon-list-child uagb-block-509c40c3\"><span class=\"uagb-icon-list__source-wrap\"><svg xmlns=\"https:\/\/www.w3.org\/2000\/svg\" viewbox=\"0 0 512 512\"><path d=\"M0 256C0 114.6 114.6 0 256 0C397.4 0 512 114.6 512 256C512 397.4 397.4 512 256 512C114.6 512 0 397.4 0 256zM256 352C309 352 352 309 352 256C352 202.1 309 160 256 160C202.1 160 160 202.1 160 256C160 309 202.1 352 256 352z\"><\/path><\/svg><\/span><span class=\"uagb-icon-list__label\">Thickness: 0,30 &#8211; 3 mm<br>Coating: 0,5 \u2013 40 \u03bcm<\/span><\/div>\n\n\n\n<div class=\"wp-block-uagb-icon-list-child uagb-block-374fff81\"><span class=\"uagb-icon-list__source-wrap\"><svg xmlns=\"https:\/\/www.w3.org\/2000\/svg\" viewbox=\"0 0 512 512\"><path d=\"M0 256C0 114.6 114.6 0 256 0C397.4 0 512 114.6 512 256C512 397.4 397.4 512 256 512C114.6 512 0 397.4 0 256zM256 352C309 352 352 309 352 256C352 202.1 309 160 256 160C202.1 160 160 202.1 160 256C160 309 202.1 352 256 352z\"><\/path><\/svg><\/span><span class=\"uagb-icon-list__label\">Width: 900 \u2013 1899 mm<br>Weight: 1 &#8211; 30 t<\/span><\/div>\n\n\n\n<div class=\"wp-block-uagb-icon-list-child uagb-block-6815dbff\"><span class=\"uagb-icon-list__source-wrap\"><svg xmlns=\"https:\/\/www.w3.org\/2000\/svg\" viewbox=\"0 0 512 512\"><path d=\"M0 256C0 114.6 114.6 0 256 0C397.4 0 512 114.6 512 256C512 397.4 397.4 512 256 512C114.6 512 0 397.4 0 256zM256 352C309 352 352 309 352 256C352 202.1 309 160 256 160C202.1 160 160 202.1 160 256C160 309 202.1 352 256 352z\"><\/path><\/svg><\/span><span class=\"uagb-icon-list__label\">Nuance d&#039;acier : DX51-56, S220G, S550GD, HCT450X-980X<\/span><\/div>\n<\/div><\/div>\n<\/div>\n\n\n\n<div class=\"wp-block-uagb-container uagb-block-79cea6f2\">\n<div class=\"wp-block-uagb-image uagb-block-776395ed wp-block-uagb-image--layout-default wp-block-uagb-image--effect-zoomin wp-block-uagb-image--align-none\"><figure class=\"wp-block-uagb-image__figure\"><img decoding=\"async\" srcset=\"https:\/\/www.zelesteel.com\/wp-content\/uploads\/2023\/06\/roll-rolled-steel-sheet-isolated-white-background-production-delivery-storage-metal-products-1-1024x1024.jpg \" sizes=\"auto, (max-width: 480px) 150px\" src=\"https:\/\/www.zelesteel.com\/wp-content\/uploads\/2023\/06\/roll-rolled-steel-sheet-isolated-white-background-production-delivery-storage-metal-products-1-1024x1024.jpg\" alt=\"\" class=\"uag-image-1028\" width=\"1024\" height=\"1024\" title=\"\" loading=\"lazy\"\/><\/figure><\/div>\n<\/div>\n<\/div><\/div>\n\n\n\n<div class=\"wp-block-uagb-container uagb-block-7a047db5 alignfull uagb-is-root-container\"><div class=\"uagb-container-inner-blocks-wrap\">\n<div class=\"wp-block-uagb-container uagb-block-f0a556ce\">\n<div class=\"wp-block-uagb-image uagb-block-0696f7d3 wp-block-uagb-image--layout-default wp-block-uagb-image--effect-zoomin wp-block-uagb-image--align-none\"><figure class=\"wp-block-uagb-image__figure\"><img decoding=\"async\" srcset=\"https:\/\/www.zelesteel.com\/wp-content\/uploads\/2023\/05\/3d-rendering-heap-roll-steel-sheets-factory-1024x683.jpg \" sizes=\"auto, (max-width: 480px) 150px\" src=\"https:\/\/www.zelesteel.com\/wp-content\/uploads\/2023\/05\/3d-rendering-heap-roll-steel-sheets-factory-1024x683.jpg\" alt=\"\" class=\"uag-image-750\" width=\"1024\" height=\"683\" title=\"\" loading=\"lazy\"\/><\/figure><\/div>\n<\/div>\n\n\n\n<div class=\"wp-block-uagb-container uagb-block-9fc030c3\">\n<div class=\"wp-block-uagb-advanced-heading uagb-block-9d6cd1ca\"><h3 class=\"uagb-heading-text\"><strong><strong><strong>Bobines en acier inoxydable<\/strong><\/strong><\/strong><\/h3><p class=\"uagb-desc-text\">Les aciers inoxydables se caract\u00e9risent principalement par une teneur accrue en chrome et une r\u00e9sistance accrue \u00e0 la corrosion.<br>Les ajouts de molybd\u00e8ne et d&#039;antimoine augmentent la r\u00e9sistance \u00e0 la corrosion dans les acides r\u00e9ducteurs et contre les piq\u00fbres par les solutions de chlorure.<br>La r\u00e9sistance \u00e0 la corrosion et \u00e0 l&#039;encrassement, le faible entretien et la brillance de l&#039;acier inoxydable en font un mat\u00e9riau id\u00e9al pour de nombreuses applications o\u00f9 la r\u00e9sistance de l&#039;acier et la r\u00e9sistance \u00e0 la corrosion sont requises.<br>Il est couramment utilis\u00e9 dans les casseroles, les po\u00eales, les couverts et les instruments chirurgicaux. Dans les b\u00e2timents, r\u00e9servoirs de stockage et citernes chimiques ou alimentaires. Il a influenc\u00e9 son utilisation dans les cuisines commerciales et les usines de transformation des aliments en raison de sa facilit\u00e9 de nettoyage et de st\u00e9rilisation \u00e0 la vapeur.<br><\/p><\/div>\n\n\n\n<div class=\"wp-block-uagb-icon-list uagb-block-842bc6ad\"><div class=\"uagb-icon-list__wrap\">\n<div class=\"wp-block-uagb-icon-list-child uagb-block-159ec748\"><span class=\"uagb-icon-list__source-wrap\"><svg xmlns=\"https:\/\/www.w3.org\/2000\/svg\" viewbox=\"0 0 512 512\"><path d=\"M0 256C0 114.6 114.6 0 256 0C397.4 0 512 114.6 512 256C512 397.4 397.4 512 256 512C114.6 512 0 397.4 0 256zM256 352C309 352 352 309 352 256C352 202.1 309 160 256 160C202.1 160 160 202.1 160 256C160 309 202.1 352 256 352z\"><\/path><\/svg><\/span><span class=\"uagb-icon-list__label\">\u00c9paisseur : 0,40 \u2013 2 mm<\/span><\/div>\n\n\n\n<div class=\"wp-block-uagb-icon-list-child uagb-block-f0e22703\"><span class=\"uagb-icon-list__source-wrap\"><svg xmlns=\"https:\/\/www.w3.org\/2000\/svg\" viewbox=\"0 0 512 512\"><path d=\"M0 256C0 114.6 114.6 0 256 0C397.4 0 512 114.6 512 256C512 397.4 397.4 512 256 512C114.6 512 0 397.4 0 256zM256 352C309 352 352 309 352 256C352 202.1 309 160 256 160C202.1 160 160 202.1 160 256C160 309 202.1 352 256 352z\"><\/path><\/svg><\/span><span class=\"uagb-icon-list__label\">Largeur : 80 \u2013 1249 mm<\/span><\/div>\n\n\n\n<div class=\"wp-block-uagb-icon-list-child uagb-block-9769475a\"><span class=\"uagb-icon-list__source-wrap\"><svg xmlns=\"https:\/\/www.w3.org\/2000\/svg\" viewbox=\"0 0 512 512\"><path d=\"M0 256C0 114.6 114.6 0 256 0C397.4 0 512 114.6 512 256C512 397.4 397.4 512 256 512C114.6 512 0 397.4 0 256zM256 352C309 352 352 309 352 256C352 202.1 309 160 256 160C202.1 160 160 202.1 160 256C160 309 202.1 352 256 352z\"><\/path><\/svg><\/span><span class=\"uagb-icon-list__label\">Nuance d&#039;acier : DX56, S220-390GD, AISI304-420<\/span><\/div>\n<\/div><\/div>\n<\/div>\n<\/div><\/div>\n\n\n\n<div class=\"wp-block-uagb-container uagb-block-556b9a32 alignfull uagb-is-root-container\"><div class=\"uagb-container-inner-blocks-wrap\">\n<div class=\"wp-block-uagb-container uagb-block-beca459d\">\n<div class=\"wp-block-uagb-advanced-heading uagb-block-924fac2a\"><h3 class=\"uagb-heading-text\"><strong><strong><strong>Bobines peintes<\/strong><\/strong><\/strong><\/h3><p class=\"uagb-desc-text\">Les t\u00f4les color\u00e9es sont obtenues en peignant des t\u00f4les de fer ou d&#039;acier pr\u00e9-galvanis\u00e9es. Aussi connu sous le nom d&#039;acier peint ou de t\u00f4le color\u00e9e.<br>Il est principalement utilis\u00e9 dans l&#039;industrie de la construction.<br>(Toits et murs, panneaux sandwich, t\u00f4le ondul\u00e9e, \u00e9lectrom\u00e9nagers, rev\u00eatements, etc.)<br><br><\/p><\/div>\n\n\n\n<div class=\"wp-block-uagb-icon-list uagb-block-dd81d038\"><div class=\"uagb-icon-list__wrap\">\n<div class=\"wp-block-uagb-icon-list-child uagb-block-6c43db1c\"><span class=\"uagb-icon-list__source-wrap\"><svg xmlns=\"https:\/\/www.w3.org\/2000\/svg\" viewbox=\"0 0 512 512\"><path d=\"M0 256C0 114.6 114.6 0 256 0C397.4 0 512 114.6 512 256C512 397.4 397.4 512 256 512C114.6 512 0 397.4 0 256zM256 352C309 352 352 309 352 256C352 202.1 309 160 256 160C202.1 160 160 202.1 160 256C160 309 202.1 352 256 352z\"><\/path><\/svg><\/span><span class=\"uagb-icon-list__label\">\u00c9paisseur : 0,20 \u2013 2 mm Rev\u00eatement : 0,5 \u2013 40 \u03bcm<\/span><\/div>\n\n\n\n<div class=\"wp-block-uagb-icon-list-child uagb-block-aa185c65\"><span class=\"uagb-icon-list__source-wrap\"><svg xmlns=\"https:\/\/www.w3.org\/2000\/svg\" viewbox=\"0 0 512 512\"><path d=\"M0 256C0 114.6 114.6 0 256 0C397.4 0 512 114.6 512 256C512 397.4 397.4 512 256 512C114.6 512 0 397.4 0 256zM256 352C309 352 352 309 352 256C352 202.1 309 160 256 160C202.1 160 160 202.1 160 256C160 309 202.1 352 256 352z\"><\/path><\/svg><\/span><span class=\"uagb-icon-list__label\">Largeur : 900 \u2013 1799 mm<\/span><\/div>\n\n\n\n<div class=\"wp-block-uagb-icon-list-child uagb-block-47383697\"><span class=\"uagb-icon-list__source-wrap\"><svg xmlns=\"https:\/\/www.w3.org\/2000\/svg\" viewbox=\"0 0 512 512\"><path d=\"M0 256C0 114.6 114.6 0 256 0C397.4 0 512 114.6 512 256C512 397.4 397.4 512 256 512C114.6 512 0 397.4 0 256zM256 352C309 352 352 309 352 256C352 202.1 309 160 256 160C202.1 160 160 202.1 160 256C160 309 202.1 352 256 352z\"><\/path><\/svg><\/span><span class=\"uagb-icon-list__label\">Nuance d&#039;acier\u00a0: DX51-53, S220-550 GD<\/span><\/div>\n<\/div><\/div>\n<\/div>\n\n\n\n<div class=\"wp-block-uagb-container uagb-block-11f11cfb\">\n<div class=\"wp-block-uagb-image uagb-block-4c166634 wp-block-uagb-image--layout-default wp-block-uagb-image--effect-zoomin wp-block-uagb-image--align-none\"><figure class=\"wp-block-uagb-image__figure\"><img decoding=\"async\" srcset=\"https:\/\/www.zelesteel.com\/wp-content\/uploads\/2023\/06\/R.png \" sizes=\"auto, (max-width: 480px) 150px\" src=\"https:\/\/www.zelesteel.com\/wp-content\/uploads\/2023\/06\/R.png\" alt=\"\" class=\"uag-image-1027\" width=\"600\" height=\"600\" title=\"\" loading=\"lazy\"\/><\/figure><\/div>\n<\/div>\n<\/div><\/div>\n\n\n\n<div class=\"wp-block-uagb-container uagb-block-ddb2c33f alignfull uagb-is-root-container\"><div class=\"uagb-container-inner-blocks-wrap\">\n<div class=\"wp-block-uagb-container uagb-block-a67e074d\">\n<div class=\"wp-block-uagb-info-box uagb-block-571668bf uagb-infobox__content-wrap  uagb-infobox-icon-above-title uagb-infobox-image-valign-top\"><div class=\"uagb-ifb-content\"><div class=\"uagb-ifb-title-wrap\"><h2 class=\"uagb-ifb-title\">Conform\u00e9ment \u00e0 l&#039;objectif de durabilit\u00e9<\/h2><\/div><p class=\"uagb-ifb-desc\">Notre objectif est de construire une relation d&#039;affaires de confiance et dynamique, tout en favorisant le professionnalisme avec nos partenaires d&#039;affaires, avec qui nous voulons r\u00e9ussir ensemble, en accordant de l&#039;importance aux sentiments et aux pens\u00e9es.<\/p><div class=\"uagb-ifb-button-wrapper wp-block-button\"><a href=\"https:\/\/www.zelesteel.com\/fr\/contact\/\" class=\"uagb-infobox-cta-link wp-block-button__link\" target=\"_self\" rel=\"noopener noreferrer\" onclick=\"return true;\" alt=\"\"><span class=\"uagb-inline-editing\">Contactez-nous<\/span><\/a><\/div><\/div><\/div>\n<\/div>\n<\/div><\/div>","protected":false},"excerpt":{"rendered":"","protected":false},"author":1,"featured_media":0,"parent":0,"menu_order":0,"comment_status":"closed","ping_status":"closed","template":"","meta":{"_uag_custom_page_level_css":"","_monsterinsights_skip_tracking":false,"_monsterinsights_sitenote_active":false,"_monsterinsights_sitenote_note":"","_monsterinsights_sitenote_category":0,"site-sidebar-layout":"no-sidebar","site-content-layout":"page-builder","ast-global-header-display":"","ast-banner-title-visibility":"","ast-main-header-display":"","ast-hfb-above-header-display":"","ast-hfb-below-header-display":"","ast-hfb-mobile-header-display":"","site-post-title":"disabled","ast-breadcrumbs-content":"","ast-featured-img":"","footer-sml-layout":"","theme-transparent-header-meta":"enabled","adv-header-id-meta":"","stick-header-meta":"","header-above-stick-meta":"","header-main-stick-meta":"","header-below-stick-meta":"","footnotes":""},"class_list":["post-600","page","type-page","status-publish","hentry"],"uagb_featured_image_src":{"full":false,"thumbnail":false,"medium":false,"medium_large":false,"large":false,"1536x1536":false,"2048x2048":false,"trp-custom-language-flag":false},"uagb_author_info":{"display_name":"masterzele","author_link":"https:\/\/www.zelesteel.com\/fr\/author\/masterzele\/"},"uagb_comment_info":0,"uagb_excerpt":null,"_links":{"self":[{"href":"https:\/\/www.zelesteel.com\/fr\/wp-json\/wp\/v2\/pages\/600","targetHints":{"allow":["GET"]}}],"collection":[{"href":"https:\/\/www.zelesteel.com\/fr\/wp-json\/wp\/v2\/pages"}],"about":[{"href":"https:\/\/www.zelesteel.com\/fr\/wp-json\/wp\/v2\/types\/page"}],"author":[{"embeddable":true,"href":"https:\/\/www.zelesteel.com\/fr\/wp-json\/wp\/v2\/users\/1"}],"replies":[{"embeddable":true,"href":"https:\/\/www.zelesteel.com\/fr\/wp-json\/wp\/v2\/comments?post=600"}],"version-history":[{"count":53,"href":"https:\/\/www.zelesteel.com\/fr\/wp-json\/wp\/v2\/pages\/600\/revisions"}],"predecessor-version":[{"id":1046,"href":"https:\/\/www.zelesteel.com\/fr\/wp-json\/wp\/v2\/pages\/600\/revisions\/1046"}],"wp:attachment":[{"href":"https:\/\/www.zelesteel.com\/fr\/wp-json\/wp\/v2\/media?parent=600"}],"curies":[{"name":"wp","href":"https:\/\/api.w.org\/{rel}","templated":true}]}}