{"id":599,"date":"2020-09-09T09:57:04","date_gmt":"2020-09-09T09:57:04","guid":{"rendered":"https:\/\/www.zelesteel.com\/?page_id=599"},"modified":"2023-06-05T11:38:23","modified_gmt":"2023-06-05T11:38:23","slug":"about-us","status":"publish","type":"page","link":"https:\/\/www.zelesteel.com\/fr\/about-us\/","title":{"rendered":"\u00c0 propos de nous"},"content":{"rendered":"<div class=\"wp-block-uagb-container uagb-block-1ad382ea alignfull uagb-is-root-container\"><div class=\"uagb-container-inner-blocks-wrap\">\n<div class=\"wp-block-uagb-container uagb-block-6cc6b117\">\n<div class=\"wp-block-uagb-advanced-heading uagb-block-4f794d9b\"><h1 class=\"uagb-heading-text\">\u00c0 propos de nous<br><br><\/h1><\/div>\n<\/div>\n<\/div><\/div>\n\n\n\n<div class=\"wp-block-uagb-container uagb-block-baf28e77 alignfull uagb-is-root-container\"><div class=\"uagb-container-inner-blocks-wrap\">\n<div class=\"wp-block-uagb-container uagb-block-0427d973 alignfull uagb-is-root-container\"><div class=\"uagb-container-inner-blocks-wrap\">\n<div class=\"wp-block-uagb-container uagb-block-b6eaf9d2 alignfull uagb-is-root-container\"><div class=\"uagb-container-inner-blocks-wrap\">\n<div class=\"wp-block-uagb-image uagb-block-ada687c1 wp-block-uagb-image--layout-default wp-block-uagb-image--effect-zoomin wp-block-uagb-image--align-none\"><figure class=\"wp-block-uagb-image__figure\"><img decoding=\"async\" srcset=\"https:\/\/www.zelesteel.com\/wp-content\/uploads\/2023\/05\/1-1024x576.jpg \" sizes=\"auto, (max-width: 480px) 150px\" src=\"https:\/\/www.zelesteel.com\/wp-content\/uploads\/2023\/05\/1-1024x576.jpg\" alt=\"\" class=\"uag-image-773\" width=\"1017\" height=\"572\" title=\"\" loading=\"lazy\"\/><\/figure><\/div>\n<\/div><\/div>\n\n\n\n<div class=\"wp-block-uagb-container uagb-block-d1fdb529 alignfull uagb-is-root-container\"><div class=\"uagb-container-inner-blocks-wrap\">\n<div class=\"wp-block-uagb-advanced-heading uagb-block-d3188979\"><h3 class=\"uagb-heading-text\">\u00c0 propos de nous<\/h3><p class=\"uagb-desc-text\">En tant que Zele Steel, nous offrons \u00e0 nos clients des produits de qualit\u00e9 et des solutions cr\u00e9atives avec un service professionnel et des prix raisonnables, avec la confiance et la fiert\u00e9 de travailler directement avec les principaux fabricants d&#039;acier au monde.<br>Notre soci\u00e9t\u00e9 Zele Steel Trading NV est active depuis plusieurs ann\u00e9es en tant que fournisseur et exportateur de divers produits en t\u00f4le dans le commerce international de l&#039;acier plat.<\/p><\/div>\n<\/div><\/div>\n<\/div><\/div>\n\n\n\n<div class=\"wp-block-uagb-container uagb-block-e2832509 alignfull uagb-is-root-container\"><div class=\"uagb-container-inner-blocks-wrap\">\n<div class=\"wp-block-uagb-container uagb-block-c8e8038b alignfull uagb-is-root-container\"><div class=\"uagb-container-inner-blocks-wrap\">\n<div class=\"wp-block-uagb-advanced-heading uagb-block-afa7fe4f\"><h3 class=\"uagb-heading-text\"><strong>Notre mission<\/strong><\/h3><p class=\"uagb-desc-text\">Notre mission est de livrer les produits que nos clients veulent au moment le plus opportun et de la bonne mani\u00e8re. De plus, la satisfaction dans le processus commercial et la confiance de nos clients et fournisseurs sont importantes pour nous.<br>Nous nous concentrons sur la r\u00e9duction \u00e0 z\u00e9ro des risques commerciaux en nous effor\u00e7ant d&#039;assurer un d\u00e9veloppement et une croissance continus, tant sur le plan op\u00e9rationnel que financier.<\/p><\/div>\n<\/div><\/div>\n\n\n\n<div class=\"wp-block-uagb-container uagb-block-6fcdab04 alignfull uagb-is-root-container\"><div class=\"uagb-container-inner-blocks-wrap\">\n<div class=\"wp-block-uagb-image uagb-block-3c8ab08b wp-block-uagb-image--layout-default wp-block-uagb-image--effect-zoomin wp-block-uagb-image--align-none\"><figure class=\"wp-block-uagb-image__figure\"><img decoding=\"async\" srcset=\"https:\/\/www.zelesteel.com\/wp-content\/uploads\/2023\/05\/4-1024x576.png \" sizes=\"auto, (max-width: 480px) 150px\" src=\"https:\/\/www.zelesteel.com\/wp-content\/uploads\/2023\/05\/4-1024x576.png\" alt=\"\" class=\"uag-image-815\" width=\"1024\" height=\"576\" title=\"\" loading=\"lazy\"\/><\/figure><\/div>\n<\/div><\/div>\n<\/div><\/div>\n\n\n\n<div class=\"wp-block-uagb-container uagb-block-14c46348 alignfull uagb-is-root-container\"><div class=\"uagb-container-inner-blocks-wrap\">\n<div class=\"wp-block-uagb-container uagb-block-2258fa40 alignfull uagb-is-root-container\"><div class=\"uagb-container-inner-blocks-wrap\">\n<div class=\"wp-block-uagb-image uagb-block-0572d492 wp-block-uagb-image--layout-default wp-block-uagb-image--effect-zoomin wp-block-uagb-image--align-none\"><figure class=\"wp-block-uagb-image__figure\"><img decoding=\"async\" srcset=\"https:\/\/www.zelesteel.com\/wp-content\/uploads\/2023\/05\/5-1024x576.png \" sizes=\"auto, (max-width: 480px) 150px\" src=\"https:\/\/www.zelesteel.com\/wp-content\/uploads\/2023\/05\/5-1024x576.png\" alt=\"\" class=\"uag-image-816\" width=\"1024\" height=\"576\" title=\"\" loading=\"lazy\"\/><\/figure><\/div>\n<\/div><\/div>\n\n\n\n<div class=\"wp-block-uagb-container uagb-block-60382089 alignfull uagb-is-root-container\"><div class=\"uagb-container-inner-blocks-wrap\">\n<div class=\"wp-block-uagb-advanced-heading uagb-block-99a64e34\"><h3 class=\"uagb-heading-text\"><strong>Notre vision<\/strong><\/h3><p class=\"uagb-desc-text\">En tant qu&#039;entreprise\u00a0; Notre vision est d&#039;\u00eatre un pionnier dans l&#039;industrie et d&#039;\u00eatre un mod\u00e8le pour les nouveaux venus dans l&#039;industrie.<br>Nous savons \u00e0 quel point il est important de savoir comment nous le faisons ainsi que ce que nous faisons et nous avan\u00e7ons conform\u00e9ment \u00e0 nos valeurs et \u00e0 notre objectif. Nos principes que nous ne transigeons pas dans la r\u00e9alisation de nos objectifs sont : C&#039;est la transparence, la continuit\u00e9 et la confiance.<\/p><\/div>\n<\/div><\/div>\n<\/div><\/div>\n<\/div><\/div>\n\n\n\n<div class=\"wp-block-uagb-container uagb-block-c0863cd1 alignfull uagb-is-root-container\"><div class=\"uagb-container-inner-blocks-wrap\">\n<div class=\"wp-block-uagb-container uagb-block-6ae20733 alignfull uagb-is-root-container\"><div class=\"uagb-container-inner-blocks-wrap\">\n<div class=\"wp-block-uagb-container uagb-block-f8430561\">\n<div class=\"wp-block-uagb-advanced-heading uagb-block-06dda90e\"><h2 class=\"uagb-heading-text\">\u00c0 propos de Zele Steel<\/h2><\/div>\n<\/div>\n\n\n\n<div class=\"wp-block-uagb-container uagb-block-5b3da9bb\">\n<div class=\"wp-block-uagb-container uagb-block-755c2543\">\n<div class=\"wp-block-uagb-counter uagb-block-49b6b395 wp-block-uagb-counter--number\"><div class=\"wp-block-uagb-counter__number\"><span class=\"uagb-counter-block-number\" data-duration=\"2\" data-to-value=\"150\" data-from-value=\"0\" data-delimiter=\",\"><\/span><span class=\"uagb-counter-block-suffix\">+<\/span><\/div><div class=\"wp-block-uagb-counter__title\">Clients satisfaits<\/div><\/div>\n<\/div>\n\n\n\n<div class=\"wp-block-uagb-container uagb-block-a8d7c0da\">\n<div class=\"wp-block-uagb-counter uagb-block-936f70fc wp-block-uagb-counter--number\"><div class=\"wp-block-uagb-counter__number\"><span class=\"uagb-counter-block-number\" data-duration=\"2\" data-to-value=\"25\" data-from-value=\"0\" data-delimiter=\",\"><\/span><\/div><div class=\"wp-block-uagb-counter__title\">des ann\u00e9es d&#039;exp\u00e9rience<\/div><\/div>\n<\/div>\n\n\n\n<div class=\"wp-block-uagb-container uagb-block-6661d706\">\n<div class=\"wp-block-uagb-counter uagb-block-8efb002c wp-block-uagb-counter--number\"><div class=\"wp-block-uagb-counter__number\"><span class=\"uagb-counter-block-number\" data-duration=\"2\" data-to-value=\"400\" data-from-value=\"0\" data-delimiter=\",\"><\/span><span class=\"uagb-counter-block-suffix\">+<\/span><\/div><div class=\"wp-block-uagb-counter__title\">Exp\u00e9dition termin\u00e9e<\/div><\/div>\n<\/div>\n<\/div>\n<\/div><\/div>\n\n\n\n<div class=\"wp-block-uagb-container uagb-block-e6593559 alignfull uagb-is-root-container\"><div class=\"uagb-container-inner-blocks-wrap\"><\/div><\/div>\n<\/div><\/div>","protected":false},"excerpt":{"rendered":"","protected":false},"author":1,"featured_media":0,"parent":0,"menu_order":0,"comment_status":"closed","ping_status":"closed","template":"","meta":{"_uag_custom_page_level_css":"","_monsterinsights_skip_tracking":false,"_monsterinsights_sitenote_active":false,"_monsterinsights_sitenote_note":"","_monsterinsights_sitenote_category":0,"site-sidebar-layout":"no-sidebar","site-content-layout":"plain-container","ast-global-header-display":"","ast-banner-title-visibility":"","ast-main-header-display":"","ast-hfb-above-header-display":"","ast-hfb-below-header-display":"","ast-hfb-mobile-header-display":"","site-post-title":"disabled","ast-breadcrumbs-content":"","ast-featured-img":"","footer-sml-layout":"","theme-transparent-header-meta":"enabled","adv-header-id-meta":"","stick-header-meta":"","header-above-stick-meta":"","header-main-stick-meta":"","header-below-stick-meta":"","footnotes":""},"class_list":["post-599","page","type-page","status-publish","hentry"],"uagb_featured_image_src":{"full":false,"thumbnail":false,"medium":false,"medium_large":false,"large":false,"1536x1536":false,"2048x2048":false,"trp-custom-language-flag":false},"uagb_author_info":{"display_name":"masterzele","author_link":"https:\/\/www.zelesteel.com\/fr\/author\/masterzele\/"},"uagb_comment_info":0,"uagb_excerpt":null,"_links":{"self":[{"href":"https:\/\/www.zelesteel.com\/fr\/wp-json\/wp\/v2\/pages\/599","targetHints":{"allow":["GET"]}}],"collection":[{"href":"https:\/\/www.zelesteel.com\/fr\/wp-json\/wp\/v2\/pages"}],"about":[{"href":"https:\/\/www.zelesteel.com\/fr\/wp-json\/wp\/v2\/types\/page"}],"author":[{"embeddable":true,"href":"https:\/\/www.zelesteel.com\/fr\/wp-json\/wp\/v2\/users\/1"}],"replies":[{"embeddable":true,"href":"https:\/\/www.zelesteel.com\/fr\/wp-json\/wp\/v2\/comments?post=599"}],"version-history":[{"count":32,"href":"https:\/\/www.zelesteel.com\/fr\/wp-json\/wp\/v2\/pages\/599\/revisions"}],"predecessor-version":[{"id":1004,"href":"https:\/\/www.zelesteel.com\/fr\/wp-json\/wp\/v2\/pages\/599\/revisions\/1004"}],"wp:attachment":[{"href":"https:\/\/www.zelesteel.com\/fr\/wp-json\/wp\/v2\/media?parent=599"}],"curies":[{"name":"wp","href":"https:\/\/api.w.org\/{rel}","templated":true}]}}