{"id":600,"date":"2020-09-09T09:56:54","date_gmt":"2020-09-09T09:56:54","guid":{"rendered":"https:\/\/www.zelesteel.com\/?page_id=600"},"modified":"2023-06-12T11:01:52","modified_gmt":"2023-06-12T11:01:52","slug":"products","status":"publish","type":"page","link":"https:\/\/www.zelesteel.com\/de\/products\/","title":{"rendered":"Produkte"},"content":{"rendered":"<div class=\"wp-block-uagb-container uagb-block-e06ed43b alignfull uagb-is-root-container\"><div class=\"uagb-container-inner-blocks-wrap\">\n<div class=\"wp-block-uagb-container uagb-block-8834c453\">\n<div class=\"wp-block-uagb-advanced-heading uagb-block-0ce12952\"><h1 class=\"uagb-heading-text\"><br><br>PRODUKTE<br><br><br><\/h1><\/div>\n<\/div>\n<\/div><\/div>\n\n\n\n<div class=\"wp-block-uagb-container uagb-block-16101ea8 alignfull uagb-is-root-container\"><div class=\"uagb-container-inner-blocks-wrap\">\n<div class=\"wp-block-uagb-container uagb-block-132d395b\">\n<h2 class=\"wp-block-heading\">ZELE-STAHL<\/h2>\n\n\n\n<div class=\"wp-block-uagb-advanced-heading uagb-block-e07103a4\"><h3 class=\"uagb-heading-text\">Wir bieten Service f\u00fcr alle Blechprodukte, alle mit EUR1-Zertifikat.<\/h3><p class=\"uagb-desc-text\">Als Zele Steel legen wir gro\u00dfen Wert auf einen schnellen, zuverl\u00e4ssigen und nachhaltigen Service.<\/p><\/div>\n<\/div>\n\n\n\n<div class=\"wp-block-uagb-container uagb-block-4a1a0baf\">\n<div class=\"wp-block-uagb-faq uagb-faq__outer-wrap uagb-block-045ee8b8 uagb-faq-icon-row-reverse uagb-faq-layout-accordion uagb-faq-expand-first-false uagb-faq-inactive-other-true uagb-faq__wrap uagb-buttons-layout-wrap uagb-faq-equal-height\" data-faqtoggle=\"true\" role=\"tablist\">\n<div class=\"wp-block-uagb-faq-child uagb-faq-child__outer-wrap uagb-faq-item uagb-block-ef73d79b\" role=\"tab\" tabindex=\"0\"><div class=\"uagb-faq-questions-button uagb-faq-questions\"><span class=\"uagb-icon uagb-faq-icon-wrap\"><svg xmlns=\"https:\/\/www.w3.org\/2000\/svg\" viewbox=\"0 0 256 512\"><path d=\"M118.6 105.4l128 127.1C252.9 239.6 256 247.8 256 255.1s-3.125 16.38-9.375 22.63l-128 127.1c-9.156 9.156-22.91 11.9-34.88 6.943S64 396.9 64 383.1V128c0-12.94 7.781-24.62 19.75-29.58S109.5 96.23 118.6 105.4z\"><\/path><\/svg><\/span><span class=\"uagb-icon-active uagb-faq-icon-wrap\"><svg xmlns=\"https:\/\/www.w3.org\/2000\/svg\" viewbox=\"0 0 320 512\"><path d=\"M9.39 265.4l127.1-128C143.6 131.1 151.8 128 160 128s16.38 3.125 22.63 9.375l127.1 128c9.156 9.156 11.9 22.91 6.943 34.88S300.9 320 287.1 320H32.01c-12.94 0-24.62-7.781-29.58-19.75S.2333 274.5 9.39 265.4z\"><\/path><\/svg><\/span><span class=\"uagb-question\"><strong>Verzinkte Spulen<\/strong><\/span><\/div><p class=\"uagb-faq-content\">Beim Verzinken wird Stahl oder Eisen mit einer Schutzschicht \u00fcberzogen, um Korrosion und Verschlei\u00df zu verhindern.<\/p><\/div>\n\n\n\n<div class=\"wp-block-uagb-faq-child uagb-faq-child__outer-wrap uagb-faq-item uagb-block-8452d449\" role=\"tab\" tabindex=\"0\"><div class=\"uagb-faq-questions-button uagb-faq-questions\"><span class=\"uagb-icon uagb-faq-icon-wrap\"><svg xmlns=\"https:\/\/www.w3.org\/2000\/svg\" viewbox=\"0 0 256 512\"><path d=\"M118.6 105.4l128 127.1C252.9 239.6 256 247.8 256 255.1s-3.125 16.38-9.375 22.63l-128 127.1c-9.156 9.156-22.91 11.9-34.88 6.943S64 396.9 64 383.1V128c0-12.94 7.781-24.62 19.75-29.58S109.5 96.23 118.6 105.4z\"><\/path><\/svg><\/span><span class=\"uagb-icon-active uagb-faq-icon-wrap\"><svg xmlns=\"https:\/\/www.w3.org\/2000\/svg\" viewbox=\"0 0 320 512\"><path d=\"M9.39 265.4l127.1-128C143.6 131.1 151.8 128 160 128s16.38 3.125 22.63 9.375l127.1 128c9.156 9.156 11.9 22.91 6.943 34.88S300.9 320 287.1 320H32.01c-12.94 0-24.62-7.781-29.58-19.75S.2333 274.5 9.39 265.4z\"><\/path><\/svg><\/span><span class=\"uagb-question\"><strong><strong><strong><strong>Aluminiumbleche<\/strong><\/strong><\/strong><\/strong><\/span><\/div><p class=\"uagb-faq-content\">Es ist beidseitig mit einer hitzebest\u00e4ndigen Aluminium-Silikon-Legierung beschichtet.<\/p><\/div>\n\n\n\n<div class=\"wp-block-uagb-faq-child uagb-faq-child__outer-wrap uagb-faq-item uagb-block-1da47dd0\" role=\"tab\" tabindex=\"0\"><div class=\"uagb-faq-questions-button uagb-faq-questions\"><span class=\"uagb-icon uagb-faq-icon-wrap\"><svg xmlns=\"https:\/\/www.w3.org\/2000\/svg\" viewbox=\"0 0 256 512\"><path d=\"M118.6 105.4l128 127.1C252.9 239.6 256 247.8 256 255.1s-3.125 16.38-9.375 22.63l-128 127.1c-9.156 9.156-22.91 11.9-34.88 6.943S64 396.9 64 383.1V128c0-12.94 7.781-24.62 19.75-29.58S109.5 96.23 118.6 105.4z\"><\/path><\/svg><\/span><span class=\"uagb-icon-active uagb-faq-icon-wrap\"><svg xmlns=\"https:\/\/www.w3.org\/2000\/svg\" viewbox=\"0 0 320 512\"><path d=\"M9.39 265.4l127.1-128C143.6 131.1 151.8 128 160 128s16.38 3.125 22.63 9.375l127.1 128c9.156 9.156 11.9 22.91 6.943 34.88S300.9 320 287.1 320H32.01c-12.94 0-24.62-7.781-29.58-19.75S.2333 274.5 9.39 265.4z\"><\/path><\/svg><\/span><span class=\"uagb-question\"><strong>Edelstahlspulen<\/strong><\/span><\/div><p class=\"uagb-faq-content\">Edelst\u00e4hle zeichnen sich vor allem durch einen erh\u00f6hten Chromgehalt und eine erh\u00f6hte Korrosionsbest\u00e4ndigkeit aus.<\/p><\/div>\n\n\n\n<div class=\"wp-block-uagb-faq-child uagb-faq-child__outer-wrap uagb-faq-item uagb-block-b9d50773\" role=\"tab\" tabindex=\"0\"><div class=\"uagb-faq-questions-button uagb-faq-questions\"><span class=\"uagb-icon uagb-faq-icon-wrap\"><svg xmlns=\"https:\/\/www.w3.org\/2000\/svg\" viewbox=\"0 0 256 512\"><path d=\"M118.6 105.4l128 127.1C252.9 239.6 256 247.8 256 255.1s-3.125 16.38-9.375 22.63l-128 127.1c-9.156 9.156-22.91 11.9-34.88 6.943S64 396.9 64 383.1V128c0-12.94 7.781-24.62 19.75-29.58S109.5 96.23 118.6 105.4z\"><\/path><\/svg><\/span><span class=\"uagb-icon-active uagb-faq-icon-wrap\"><svg xmlns=\"https:\/\/www.w3.org\/2000\/svg\" viewbox=\"0 0 320 512\"><path d=\"M9.39 265.4l127.1-128C143.6 131.1 151.8 128 160 128s16.38 3.125 22.63 9.375l127.1 128c9.156 9.156 11.9 22.91 6.943 34.88S300.9 320 287.1 320H32.01c-12.94 0-24.62-7.781-29.58-19.75S.2333 274.5 9.39 265.4z\"><\/path><\/svg><\/span><span class=\"uagb-question\"><strong>Lackierte Spulen<\/strong><\/span><\/div><p class=\"uagb-faq-content\">Farbige Bleche werden durch Lackieren vorverzinkter Eisen- oder Stahlbleche erhalten. Auch als lackierter Stahl oder farbiges Blech bekannt.<\/p><\/div>\n<\/div>\n<\/div>\n<\/div><\/div>\n\n\n\n<div class=\"wp-block-uagb-container uagb-block-ad71654a alignfull uagb-is-root-container\"><div class=\"uagb-container-inner-blocks-wrap\">\n<div class=\"wp-block-uagb-container uagb-block-de30fa70\">\n<div class=\"wp-block-uagb-image uagb-block-14ae125c wp-block-uagb-image--layout-default wp-block-uagb-image--effect-zoomin wp-block-uagb-image--align-none\"><figure class=\"wp-block-uagb-image__figure\"><img decoding=\"async\" srcset=\"https:\/\/www.zelesteel.com\/wp-content\/uploads\/2023\/05\/large-coils-with-aluminum-foil-produced-aluminum-industry-factory-1024x683.jpg \" sizes=\"auto, (max-width: 480px) 150px\" src=\"https:\/\/www.zelesteel.com\/wp-content\/uploads\/2023\/05\/large-coils-with-aluminum-foil-produced-aluminum-industry-factory-1024x683.jpg\" alt=\"\" class=\"uag-image-755\" width=\"1024\" height=\"683\" title=\"\" loading=\"lazy\"\/><\/figure><\/div>\n<\/div>\n\n\n\n<div class=\"wp-block-uagb-container uagb-block-0f7a47bc\">\n<div class=\"wp-block-uagb-advanced-heading uagb-block-7b4744ab\"><h3 class=\"uagb-heading-text\"><strong><strong>Verzinkte Spulen<\/strong><\/strong><\/h3><p class=\"uagb-desc-text\">Es hat eine glatte Oberfl\u00e4che und eignet sich gut f\u00fcr Pulverbeschichtungs- und Tiefziehanwendungen, da jedes Zinkpartikel durch Elektrifizierung einzeln mit dem Sekund\u00e4rstahl verbunden wird.<\/p><\/div>\n\n\n\n<div class=\"wp-block-uagb-advanced-heading uagb-block-1e90d0c6\"><h3 class=\"uagb-heading-text\"><strong><strong><strong>Electro Galvanized Coil<\/strong><\/strong><\/strong><\/h3><p class=\"uagb-desc-text\">Es hat eine glatte Oberfl\u00e4che und eignet sich gut f\u00fcr Pulverbeschichtungs- und Tiefziehanwendungen, da jedes Zinkpartikel durch Elektrifizierung einzeln mit dem Sekund\u00e4rstahl verbunden wird.<\/p><\/div>\n\n\n\n<div class=\"wp-block-uagb-advanced-heading uagb-block-f7a84579\"><h3 class=\"uagb-heading-text\"><strong><strong><strong><strong>Warmgewalztes Coil<\/strong><\/strong><\/strong><\/strong><\/h3><p class=\"uagb-desc-text\">Warmgewalzter Stahl wird im Allgemeinen f\u00fcr etwas gr\u00f6bere Arbeiten verwendet, die keine sehr feine Abstimmung erfordern. Es wird beispielsweise in Bereichen wie Eisenbahnstrecken und Bauprojekten eingesetzt.<\/p><\/div>\n\n\n\n<div class=\"wp-block-uagb-advanced-heading uagb-block-80c9e57f\"><h3 class=\"uagb-heading-text\"><strong><strong><strong><strong><strong>Kaltgewalzte Spule<\/strong><\/strong><\/strong><\/strong><\/strong><\/h3><p class=\"uagb-desc-text\">Kaltgewalzter Stahl wird in Anwendungen eingesetzt, die eine hervorragende Oberfl\u00e4chenqualit\u00e4t erfordern. Zum Beispiel Automobil- und Ger\u00e4tepaneele.<br><\/p><\/div>\n\n\n\n<div class=\"wp-block-uagb-icon-list uagb-block-7417ff47\"><div class=\"uagb-icon-list__wrap\">\n<div class=\"wp-block-uagb-icon-list-child uagb-block-eeba44a7\"><span class=\"uagb-icon-list__source-wrap\"><svg xmlns=\"https:\/\/www.w3.org\/2000\/svg\" viewbox=\"0 0 512 512\"><path d=\"M0 256C0 114.6 114.6 0 256 0C397.4 0 512 114.6 512 256C512 397.4 397.4 512 256 512C114.6 512 0 397.4 0 256zM256 352C309 352 352 309 352 256C352 202.1 309 160 256 160C202.1 160 160 202.1 160 256C160 309 202.1 352 256 352z\"><\/path><\/svg><\/span><span class=\"uagb-icon-list__label\">Dicke: 0,30 \u2013 3 mm<\/span><\/div>\n\n\n\n<div class=\"wp-block-uagb-icon-list-child uagb-block-1872f66e\"><span class=\"uagb-icon-list__source-wrap\"><svg xmlns=\"https:\/\/www.w3.org\/2000\/svg\" viewbox=\"0 0 512 512\"><path d=\"M0 256C0 114.6 114.6 0 256 0C397.4 0 512 114.6 512 256C512 397.4 397.4 512 256 512C114.6 512 0 397.4 0 256zM256 352C309 352 352 309 352 256C352 202.1 309 160 256 160C202.1 160 160 202.1 160 256C160 309 202.1 352 256 352z\"><\/path><\/svg><\/span><span class=\"uagb-icon-list__label\">Breite: 900 \u2013 1999 mm<\/span><\/div>\n\n\n\n<div class=\"wp-block-uagb-icon-list-child uagb-block-b8258051\"><span class=\"uagb-icon-list__source-wrap\"><svg xmlns=\"https:\/\/www.w3.org\/2000\/svg\" viewbox=\"0 0 512 512\"><path d=\"M0 256C0 114.6 114.6 0 256 0C397.4 0 512 114.6 512 256C512 397.4 397.4 512 256 512C114.6 512 0 397.4 0 256zM256 352C309 352 352 309 352 256C352 202.1 309 160 256 160C202.1 160 160 202.1 160 256C160 309 202.1 352 256 352z\"><\/path><\/svg><\/span><span class=\"uagb-icon-list__label\">Stahlsorte: DX51-56, S220-550GD DC01-06, HC340-420LA, HCT450X-980X, DP450-980, DD11ULC, S185-355, E295-360, HSS460-600<\/span><\/div>\n<\/div><\/div>\n<\/div>\n<\/div><\/div>\n\n\n\n<div class=\"wp-block-uagb-container uagb-block-8274ccb0 alignfull uagb-is-root-container\"><div class=\"uagb-container-inner-blocks-wrap\">\n<div class=\"wp-block-uagb-container uagb-block-cbc8f3cf\">\n<div class=\"wp-block-uagb-advanced-heading uagb-block-ab20ca22\"><h3 class=\"uagb-heading-text\"><strong><strong><strong>Aluminiumbleche<\/strong><\/strong><\/strong><\/h3><p class=\"uagb-desc-text\">Es ist beidseitig mit einer hitzebest\u00e4ndigen Aluminium-Silikon-Legierung beschichtet.<br>Diese Art von Paneelen wird im Heizbereich bevorzugt, da sie die W\u00e4rme besser leitet als alle anderen Paneele.<br>Die h\u00e4ufigsten Verwendungszwecke sind Verbrennungsanlagen, \u00d6fen, Heizger\u00e4te, Kochfelder und Grills, Trockner, Motorteile usw.<br><br><br><br><\/p><\/div>\n\n\n\n<div class=\"wp-block-uagb-icon-list uagb-block-38870a89\"><div class=\"uagb-icon-list__wrap\">\n<div class=\"wp-block-uagb-icon-list-child uagb-block-509c40c3\"><span class=\"uagb-icon-list__source-wrap\"><svg xmlns=\"https:\/\/www.w3.org\/2000\/svg\" viewbox=\"0 0 512 512\"><path d=\"M0 256C0 114.6 114.6 0 256 0C397.4 0 512 114.6 512 256C512 397.4 397.4 512 256 512C114.6 512 0 397.4 0 256zM256 352C309 352 352 309 352 256C352 202.1 309 160 256 160C202.1 160 160 202.1 160 256C160 309 202.1 352 256 352z\"><\/path><\/svg><\/span><span class=\"uagb-icon-list__label\">Thickness: 0,30 &#8211; 3 mm<br>Coating: 0,5 \u2013 40 \u03bcm<\/span><\/div>\n\n\n\n<div class=\"wp-block-uagb-icon-list-child uagb-block-374fff81\"><span class=\"uagb-icon-list__source-wrap\"><svg xmlns=\"https:\/\/www.w3.org\/2000\/svg\" viewbox=\"0 0 512 512\"><path d=\"M0 256C0 114.6 114.6 0 256 0C397.4 0 512 114.6 512 256C512 397.4 397.4 512 256 512C114.6 512 0 397.4 0 256zM256 352C309 352 352 309 352 256C352 202.1 309 160 256 160C202.1 160 160 202.1 160 256C160 309 202.1 352 256 352z\"><\/path><\/svg><\/span><span class=\"uagb-icon-list__label\">Width: 900 \u2013 1899 mm<br>Weight: 1 &#8211; 30 t<\/span><\/div>\n\n\n\n<div class=\"wp-block-uagb-icon-list-child uagb-block-6815dbff\"><span class=\"uagb-icon-list__source-wrap\"><svg xmlns=\"https:\/\/www.w3.org\/2000\/svg\" viewbox=\"0 0 512 512\"><path d=\"M0 256C0 114.6 114.6 0 256 0C397.4 0 512 114.6 512 256C512 397.4 397.4 512 256 512C114.6 512 0 397.4 0 256zM256 352C309 352 352 309 352 256C352 202.1 309 160 256 160C202.1 160 160 202.1 160 256C160 309 202.1 352 256 352z\"><\/path><\/svg><\/span><span class=\"uagb-icon-list__label\">Stahlsorte: DX51-56, S220G, S550GD, HCT450X-980X<\/span><\/div>\n<\/div><\/div>\n<\/div>\n\n\n\n<div class=\"wp-block-uagb-container uagb-block-79cea6f2\">\n<div class=\"wp-block-uagb-image uagb-block-776395ed wp-block-uagb-image--layout-default wp-block-uagb-image--effect-zoomin wp-block-uagb-image--align-none\"><figure class=\"wp-block-uagb-image__figure\"><img decoding=\"async\" srcset=\"https:\/\/www.zelesteel.com\/wp-content\/uploads\/2023\/06\/roll-rolled-steel-sheet-isolated-white-background-production-delivery-storage-metal-products-1-1024x1024.jpg \" sizes=\"auto, (max-width: 480px) 150px\" src=\"https:\/\/www.zelesteel.com\/wp-content\/uploads\/2023\/06\/roll-rolled-steel-sheet-isolated-white-background-production-delivery-storage-metal-products-1-1024x1024.jpg\" alt=\"\" class=\"uag-image-1028\" width=\"1024\" height=\"1024\" title=\"\" loading=\"lazy\"\/><\/figure><\/div>\n<\/div>\n<\/div><\/div>\n\n\n\n<div class=\"wp-block-uagb-container uagb-block-7a047db5 alignfull uagb-is-root-container\"><div class=\"uagb-container-inner-blocks-wrap\">\n<div class=\"wp-block-uagb-container uagb-block-f0a556ce\">\n<div class=\"wp-block-uagb-image uagb-block-0696f7d3 wp-block-uagb-image--layout-default wp-block-uagb-image--effect-zoomin wp-block-uagb-image--align-none\"><figure class=\"wp-block-uagb-image__figure\"><img decoding=\"async\" srcset=\"https:\/\/www.zelesteel.com\/wp-content\/uploads\/2023\/05\/3d-rendering-heap-roll-steel-sheets-factory-1024x683.jpg \" sizes=\"auto, (max-width: 480px) 150px\" src=\"https:\/\/www.zelesteel.com\/wp-content\/uploads\/2023\/05\/3d-rendering-heap-roll-steel-sheets-factory-1024x683.jpg\" alt=\"\" class=\"uag-image-750\" width=\"1024\" height=\"683\" title=\"\" loading=\"lazy\"\/><\/figure><\/div>\n<\/div>\n\n\n\n<div class=\"wp-block-uagb-container uagb-block-9fc030c3\">\n<div class=\"wp-block-uagb-advanced-heading uagb-block-9d6cd1ca\"><h3 class=\"uagb-heading-text\"><strong><strong><strong>Edelstahlspulen<\/strong><\/strong><\/strong><\/h3><p class=\"uagb-desc-text\">Edelst\u00e4hle zeichnen sich vor allem durch einen erh\u00f6hten Chromgehalt und eine erh\u00f6hte Korrosionsbest\u00e4ndigkeit aus.<br>Zus\u00e4tze von Molybd\u00e4n und Antimon erh\u00f6hen die Korrosionsbest\u00e4ndigkeit in reduzierenden S\u00e4uren und gegen Lochfra\u00df durch Chloridl\u00f6sungen.<br>Die Korrosions- und Verschmutzungsbest\u00e4ndigkeit, der geringe Wartungsaufwand und die Brillanz von Edelstahl machen ihn zu einem idealen Material f\u00fcr viele Anwendungen, bei denen sowohl Stahlfestigkeit als auch Korrosionsbest\u00e4ndigkeit erforderlich sind.<br>Es wird h\u00e4ufig in T\u00f6pfen, Pfannen, Besteck und chirurgischen Instrumenten verwendet. In Geb\u00e4uden, Lagertanks und Chemie- oder Lebensmitteltanks. Aufgrund seiner einfachen Reinigung und Dampfsterilisation hat es seinen Einsatz in Gro\u00dfk\u00fcchen und Lebensmittelverarbeitungsbetrieben beeinflusst.<br><\/p><\/div>\n\n\n\n<div class=\"wp-block-uagb-icon-list uagb-block-842bc6ad\"><div class=\"uagb-icon-list__wrap\">\n<div class=\"wp-block-uagb-icon-list-child uagb-block-159ec748\"><span class=\"uagb-icon-list__source-wrap\"><svg xmlns=\"https:\/\/www.w3.org\/2000\/svg\" viewbox=\"0 0 512 512\"><path d=\"M0 256C0 114.6 114.6 0 256 0C397.4 0 512 114.6 512 256C512 397.4 397.4 512 256 512C114.6 512 0 397.4 0 256zM256 352C309 352 352 309 352 256C352 202.1 309 160 256 160C202.1 160 160 202.1 160 256C160 309 202.1 352 256 352z\"><\/path><\/svg><\/span><span class=\"uagb-icon-list__label\">Dicke: 0,40 \u2013 2 mm<\/span><\/div>\n\n\n\n<div class=\"wp-block-uagb-icon-list-child uagb-block-f0e22703\"><span class=\"uagb-icon-list__source-wrap\"><svg xmlns=\"https:\/\/www.w3.org\/2000\/svg\" viewbox=\"0 0 512 512\"><path d=\"M0 256C0 114.6 114.6 0 256 0C397.4 0 512 114.6 512 256C512 397.4 397.4 512 256 512C114.6 512 0 397.4 0 256zM256 352C309 352 352 309 352 256C352 202.1 309 160 256 160C202.1 160 160 202.1 160 256C160 309 202.1 352 256 352z\"><\/path><\/svg><\/span><span class=\"uagb-icon-list__label\">Breite: 80 \u2013 1249 mm<\/span><\/div>\n\n\n\n<div class=\"wp-block-uagb-icon-list-child uagb-block-9769475a\"><span class=\"uagb-icon-list__source-wrap\"><svg xmlns=\"https:\/\/www.w3.org\/2000\/svg\" viewbox=\"0 0 512 512\"><path d=\"M0 256C0 114.6 114.6 0 256 0C397.4 0 512 114.6 512 256C512 397.4 397.4 512 256 512C114.6 512 0 397.4 0 256zM256 352C309 352 352 309 352 256C352 202.1 309 160 256 160C202.1 160 160 202.1 160 256C160 309 202.1 352 256 352z\"><\/path><\/svg><\/span><span class=\"uagb-icon-list__label\">Stahlsorte: DX56, S220-390GD, AISI304-420<\/span><\/div>\n<\/div><\/div>\n<\/div>\n<\/div><\/div>\n\n\n\n<div class=\"wp-block-uagb-container uagb-block-556b9a32 alignfull uagb-is-root-container\"><div class=\"uagb-container-inner-blocks-wrap\">\n<div class=\"wp-block-uagb-container uagb-block-beca459d\">\n<div class=\"wp-block-uagb-advanced-heading uagb-block-924fac2a\"><h3 class=\"uagb-heading-text\"><strong><strong><strong>Lackierte Spulen<\/strong><\/strong><\/strong><\/h3><p class=\"uagb-desc-text\">Farbige Bleche werden durch Lackieren vorverzinkter Eisen- oder Stahlbleche erhalten. Auch als lackierter Stahl oder farbiges Blech bekannt.<br>Es wird haupts\u00e4chlich in der Bauindustrie eingesetzt.<br>(D\u00e4cher und W\u00e4nde, Sandwichpaneele, Wellblech, Ger\u00e4te, Beschichtungen usw.)<br><br><\/p><\/div>\n\n\n\n<div class=\"wp-block-uagb-icon-list uagb-block-dd81d038\"><div class=\"uagb-icon-list__wrap\">\n<div class=\"wp-block-uagb-icon-list-child uagb-block-6c43db1c\"><span class=\"uagb-icon-list__source-wrap\"><svg xmlns=\"https:\/\/www.w3.org\/2000\/svg\" viewbox=\"0 0 512 512\"><path d=\"M0 256C0 114.6 114.6 0 256 0C397.4 0 512 114.6 512 256C512 397.4 397.4 512 256 512C114.6 512 0 397.4 0 256zM256 352C309 352 352 309 352 256C352 202.1 309 160 256 160C202.1 160 160 202.1 160 256C160 309 202.1 352 256 352z\"><\/path><\/svg><\/span><span class=\"uagb-icon-list__label\">Dicke: 0,20 \u2013 2 mm Beschichtung: 0,5 \u2013 40 \u03bcm<\/span><\/div>\n\n\n\n<div class=\"wp-block-uagb-icon-list-child uagb-block-aa185c65\"><span class=\"uagb-icon-list__source-wrap\"><svg xmlns=\"https:\/\/www.w3.org\/2000\/svg\" viewbox=\"0 0 512 512\"><path d=\"M0 256C0 114.6 114.6 0 256 0C397.4 0 512 114.6 512 256C512 397.4 397.4 512 256 512C114.6 512 0 397.4 0 256zM256 352C309 352 352 309 352 256C352 202.1 309 160 256 160C202.1 160 160 202.1 160 256C160 309 202.1 352 256 352z\"><\/path><\/svg><\/span><span class=\"uagb-icon-list__label\">Breite: 900 \u2013 1799 mm<\/span><\/div>\n\n\n\n<div class=\"wp-block-uagb-icon-list-child uagb-block-47383697\"><span class=\"uagb-icon-list__source-wrap\"><svg xmlns=\"https:\/\/www.w3.org\/2000\/svg\" viewbox=\"0 0 512 512\"><path d=\"M0 256C0 114.6 114.6 0 256 0C397.4 0 512 114.6 512 256C512 397.4 397.4 512 256 512C114.6 512 0 397.4 0 256zM256 352C309 352 352 309 352 256C352 202.1 309 160 256 160C202.1 160 160 202.1 160 256C160 309 202.1 352 256 352z\"><\/path><\/svg><\/span><span class=\"uagb-icon-list__label\">Stahlsorte: DX51-53, S220-550 GD<\/span><\/div>\n<\/div><\/div>\n<\/div>\n\n\n\n<div class=\"wp-block-uagb-container uagb-block-11f11cfb\">\n<div class=\"wp-block-uagb-image uagb-block-4c166634 wp-block-uagb-image--layout-default wp-block-uagb-image--effect-zoomin wp-block-uagb-image--align-none\"><figure class=\"wp-block-uagb-image__figure\"><img decoding=\"async\" srcset=\"https:\/\/www.zelesteel.com\/wp-content\/uploads\/2023\/06\/R.png \" sizes=\"auto, (max-width: 480px) 150px\" src=\"https:\/\/www.zelesteel.com\/wp-content\/uploads\/2023\/06\/R.png\" alt=\"\" class=\"uag-image-1027\" width=\"600\" height=\"600\" title=\"\" loading=\"lazy\"\/><\/figure><\/div>\n<\/div>\n<\/div><\/div>\n\n\n\n<div class=\"wp-block-uagb-container uagb-block-ddb2c33f alignfull uagb-is-root-container\"><div class=\"uagb-container-inner-blocks-wrap\">\n<div class=\"wp-block-uagb-container uagb-block-a67e074d\">\n<div class=\"wp-block-uagb-info-box uagb-block-571668bf uagb-infobox__content-wrap  uagb-infobox-icon-above-title uagb-infobox-image-valign-top\"><div class=\"uagb-ifb-content\"><div class=\"uagb-ifb-title-wrap\"><h2 class=\"uagb-ifb-title\">In line with the sustainability goal<\/h2><\/div><p class=\"uagb-ifb-desc\">Our goal is to build a trusting and dynamic business relationship, while promoting professionalism with our business partners, with whom we want to succeed together, giving importance to feelings and thoughts.<\/p><div class=\"uagb-ifb-button-wrapper wp-block-button\"><a href=\"https:\/\/www.zelesteel.com\/de\/contact\/\" class=\"uagb-infobox-cta-link wp-block-button__link\" target=\"_self\" rel=\"noopener noreferrer\" onclick=\"return true;\" alt=\"\"><span class=\"uagb-inline-editing\">Kontaktiere uns<\/span><\/a><\/div><\/div><\/div>\n<\/div>\n<\/div><\/div>","protected":false},"excerpt":{"rendered":"","protected":false},"author":1,"featured_media":0,"parent":0,"menu_order":0,"comment_status":"closed","ping_status":"closed","template":"","meta":{"_uag_custom_page_level_css":"","_monsterinsights_skip_tracking":false,"_monsterinsights_sitenote_active":false,"_monsterinsights_sitenote_note":"","_monsterinsights_sitenote_category":0,"site-sidebar-layout":"no-sidebar","site-content-layout":"page-builder","ast-global-header-display":"","ast-banner-title-visibility":"","ast-main-header-display":"","ast-hfb-above-header-display":"","ast-hfb-below-header-display":"","ast-hfb-mobile-header-display":"","site-post-title":"disabled","ast-breadcrumbs-content":"","ast-featured-img":"","footer-sml-layout":"","theme-transparent-header-meta":"enabled","adv-header-id-meta":"","stick-header-meta":"","header-above-stick-meta":"","header-main-stick-meta":"","header-below-stick-meta":"","footnotes":""},"class_list":["post-600","page","type-page","status-publish","hentry"],"uagb_featured_image_src":{"full":false,"thumbnail":false,"medium":false,"medium_large":false,"large":false,"1536x1536":false,"2048x2048":false,"trp-custom-language-flag":false},"uagb_author_info":{"display_name":"masterzele","author_link":"https:\/\/www.zelesteel.com\/de\/author\/masterzele\/"},"uagb_comment_info":0,"uagb_excerpt":null,"_links":{"self":[{"href":"https:\/\/www.zelesteel.com\/de\/wp-json\/wp\/v2\/pages\/600","targetHints":{"allow":["GET"]}}],"collection":[{"href":"https:\/\/www.zelesteel.com\/de\/wp-json\/wp\/v2\/pages"}],"about":[{"href":"https:\/\/www.zelesteel.com\/de\/wp-json\/wp\/v2\/types\/page"}],"author":[{"embeddable":true,"href":"https:\/\/www.zelesteel.com\/de\/wp-json\/wp\/v2\/users\/1"}],"replies":[{"embeddable":true,"href":"https:\/\/www.zelesteel.com\/de\/wp-json\/wp\/v2\/comments?post=600"}],"version-history":[{"count":53,"href":"https:\/\/www.zelesteel.com\/de\/wp-json\/wp\/v2\/pages\/600\/revisions"}],"predecessor-version":[{"id":1046,"href":"https:\/\/www.zelesteel.com\/de\/wp-json\/wp\/v2\/pages\/600\/revisions\/1046"}],"wp:attachment":[{"href":"https:\/\/www.zelesteel.com\/de\/wp-json\/wp\/v2\/media?parent=600"}],"curies":[{"name":"wp","href":"https:\/\/api.w.org\/{rel}","templated":true}]}}